{"id":1324,"date":"2024-06-11T13:33:22","date_gmt":"2024-06-11T13:33:22","guid":{"rendered":"https:\/\/csaude.org.mz\/?page_id=1324"},"modified":"2025-04-10T11:55:45","modified_gmt":"2025-04-10T11:55:45","slug":"publications","status":"publish","type":"page","link":"https:\/\/csaude.org.mz\/pt\/publications\/","title":{"rendered":"Publica\u00e7\u00f5es"},"content":{"rendered":"<div data-elementor-type=\"wp-page\" data-elementor-id=\"1324\" class=\"elementor elementor-1324\">\n\t\t\t\t<div class=\"elementor-element elementor-element-30682c5 e-flex e-con-boxed wpr-particle-no wpr-jarallax-no wpr-parallax-no wpr-sticky-section-no e-con e-parent\" data-id=\"30682c5\" data-element_type=\"container\" data-settings=\"{&quot;background_background&quot;:&quot;classic&quot;}\">\n\t\t\t\t\t<div class=\"e-con-inner\">\n\t\t\t\t<div class=\"elementor-element elementor-element-ff7e77f elementor-widget elementor-widget-heading\" data-id=\"ff7e77f\" data-element_type=\"widget\" data-widget_type=\"heading.default\">\n\t\t\t\t<div class=\"elementor-widget-container\">\n\t\t\t\t\t<h2 class=\"elementor-heading-title elementor-size-default\">\u00daltimas Publica\u00e7\u00f5es<\/h2>\t\t\t\t<\/div>\n\t\t\t\t<\/div>\n\t\t\t\t\t<\/div>\n\t\t\t\t<\/div>\n\t\t<div class=\"elementor-element elementor-element-2215958 e-flex e-con-boxed wpr-particle-no wpr-jarallax-no wpr-parallax-no wpr-sticky-section-no e-con e-parent\" data-id=\"2215958\" data-element_type=\"container\">\n\t\t\t\t\t<div class=\"e-con-inner\">\n\t\t\t\t<div class=\"elementor-element elementor-element-66ee278 elementor-widget elementor-widget-spacer\" data-id=\"66ee278\" data-element_type=\"widget\" data-widget_type=\"spacer.default\">\n\t\t\t\t<div class=\"elementor-widget-container\">\n\t\t\t\t\t\t\t<div class=\"elementor-spacer\">\n\t\t\t<div class=\"elementor-spacer-inner\"><\/div>\n\t\t<\/div>\n\t\t\t\t\t\t<\/div>\n\t\t\t\t<\/div>\n\t\t\t\t<div class=\"elementor-element elementor-element-632b5ab elementor-widget elementor-widget-button\" data-id=\"632b5ab\" data-element_type=\"widget\" data-widget_type=\"button.default\">\n\t\t\t\t<div class=\"elementor-widget-container\">\n\t\t\t\t\t\t\t\t\t<div class=\"elementor-button-wrapper\">\n\t\t\t\t\t<a class=\"elementor-button elementor-button-link elementor-size-sm\" href=\"https:\/\/pubmed.ncbi.nlm.nih.gov\/?term=%E2%80%9DC-Sa%C3%BAde%E2%80%9D+%E2%80%9DMozambique\" target=\"_blank\">\n\t\t\t\t\t\t<span class=\"elementor-button-content-wrapper\">\n\t\t\t\t\t\t<span class=\"elementor-button-icon\">\n\t\t\t\t<i aria-hidden=\"true\" class=\"icon icon-internet\"><\/i>\t\t\t<\/span>\n\t\t\t\t\t\t\t\t\t<span class=\"elementor-button-text\">C-Sa\u00fade publica\u00e7\u00f5es cient\u00edficas<\/span>\n\t\t\t\t\t<\/span>\n\t\t\t\t\t<\/a>\n\t\t\t\t<\/div>\n\t\t\t\t\t\t\t\t<\/div>\n\t\t\t\t<\/div>\n\t\t\t\t<div class=\"elementor-element elementor-element-d76a94a elementor-widget elementor-widget-spacer\" data-id=\"d76a94a\" data-element_type=\"widget\" data-widget_type=\"spacer.default\">\n\t\t\t\t<div class=\"elementor-widget-container\">\n\t\t\t\t\t\t\t<div class=\"elementor-spacer\">\n\t\t\t<div class=\"elementor-spacer-inner\"><\/div>\n\t\t<\/div>\n\t\t\t\t\t\t<\/div>\n\t\t\t\t<\/div>\n\t\t<div class=\"elementor-element elementor-element-0471916 e-con-full e-flex wpr-particle-no wpr-jarallax-no wpr-parallax-no wpr-sticky-section-no e-con e-child\" data-id=\"0471916\" data-element_type=\"container\">\n\t\t\t\t<\/div>\n\t\t\t\t\t<\/div>\n\t\t\t\t<\/div>\n\t\t\t\t<\/div>","protected":false},"excerpt":{"rendered":"<p>Latest Publications C-Sa\u00fade scientific publications<\/p>","protected":false},"author":1,"featured_media":0,"parent":0,"menu_order":0,"comment_status":"closed","ping_status":"closed","template":"","meta":{"site-sidebar-layout":"no-sidebar","site-content-layout":"","ast-site-content-layout":"full-width-container","site-content-style":"default","site-sidebar-style":"default","ast-global-header-display":"","ast-banner-title-visibility":"","ast-main-header-display":"","ast-hfb-above-header-display":"","ast-hfb-below-header-display":"","ast-hfb-mobile-header-display":"","site-post-title":"disabled","ast-breadcrumbs-content":"","ast-featured-img":"disabled","footer-sml-layout":"","theme-transparent-header-meta":"","adv-header-id-meta":"","stick-header-meta":"","header-above-stick-meta":"","header-main-stick-meta":"","header-below-stick-meta":"","astra-migrate-meta-layouts":"default","ast-page-background-enabled":"default","ast-page-background-meta":{"desktop":{"background-color":"var(--ast-global-color-4)","background-image":"","background-repeat":"repeat","background-position":"center center","background-size":"auto","background-attachment":"scroll","background-type":"","background-media":"","overlay-type":"","overlay-color":"","overlay-opacity":"","overlay-gradient":""},"tablet":{"background-color":"","background-image":"","background-repeat":"repeat","background-position":"center center","background-size":"auto","background-attachment":"scroll","background-type":"","background-media":"","overlay-type":"","overlay-color":"","overlay-opacity":"","overlay-gradient":""},"mobile":{"background-color":"","background-image":"","background-repeat":"repeat","background-position":"center center","background-size":"auto","background-attachment":"scroll","background-type":"","background-media":"","overlay-type":"","overlay-color":"","overlay-opacity":"","overlay-gradient":""}},"ast-content-background-meta":{"desktop":{"background-color":"var(--ast-global-color-5)","background-image":"","background-repeat":"repeat","background-position":"center center","background-size":"auto","background-attachment":"scroll","background-type":"","background-media":"","overlay-type":"","overlay-color":"","overlay-opacity":"","overlay-gradient":""},"tablet":{"background-color":"var(--ast-global-color-5)","background-image":"","background-repeat":"repeat","background-position":"center center","background-size":"auto","background-attachment":"scroll","background-type":"","background-media":"","overlay-type":"","overlay-color":"","overlay-opacity":"","overlay-gradient":""},"mobile":{"background-color":"var(--ast-global-color-5)","background-image":"","background-repeat":"repeat","background-position":"center center","background-size":"auto","background-attachment":"scroll","background-type":"","background-media":"","overlay-type":"","overlay-color":"","overlay-opacity":"","overlay-gradient":""}},"footnotes":""},"class_list":["post-1324","page","type-page","status-publish","hentry"],"yoast_head":"<!-- This site is optimized with the Yoast SEO plugin v25.5 - https:\/\/yoast.com\/wordpress\/plugins\/seo\/ -->\n<title>Publications - C-Sa\u00fade<\/title>\n<meta name=\"robots\" content=\"index, follow, max-snippet:-1, max-image-preview:large, max-video-preview:-1\" \/>\n<link rel=\"canonical\" href=\"https:\/\/csaude.org.mz\/pt\/publications\/\" \/>\n<meta property=\"og:locale\" content=\"pt_PT\" \/>\n<meta property=\"og:type\" content=\"article\" \/>\n<meta property=\"og:title\" content=\"Publications - C-Sa\u00fade\" \/>\n<meta property=\"og:description\" content=\"Latest Publications C-Sa\u00fade scientific publications\" \/>\n<meta property=\"og:url\" content=\"https:\/\/csaude.org.mz\/pt\/publications\/\" \/>\n<meta property=\"og:site_name\" content=\"C-Sa\u00fade\" \/>\n<meta property=\"article:modified_time\" content=\"2025-04-10T11:55:45+00:00\" \/>\n<meta name=\"twitter:card\" content=\"summary_large_image\" \/>\n<script type=\"application\/ld+json\" class=\"yoast-schema-graph\">{\"@context\":\"https:\/\/schema.org\",\"@graph\":[{\"@type\":\"WebPage\",\"@id\":\"https:\/\/csaude.org.mz\/publications\/\",\"url\":\"https:\/\/csaude.org.mz\/publications\/\",\"name\":\"Publications - C-Sa\u00fade\",\"isPartOf\":{\"@id\":\"https:\/\/csaude.org.mz\/#website\"},\"datePublished\":\"2024-06-11T13:33:22+00:00\",\"dateModified\":\"2025-04-10T11:55:45+00:00\",\"breadcrumb\":{\"@id\":\"https:\/\/csaude.org.mz\/publications\/#breadcrumb\"},\"inLanguage\":\"pt-PT\",\"potentialAction\":[{\"@type\":\"ReadAction\",\"target\":[\"https:\/\/csaude.org.mz\/publications\/\"]}]},{\"@type\":\"BreadcrumbList\",\"@id\":\"https:\/\/csaude.org.mz\/publications\/#breadcrumb\",\"itemListElement\":[{\"@type\":\"ListItem\",\"position\":1,\"name\":\"Home\",\"item\":\"https:\/\/csaude.org.mz\/\"},{\"@type\":\"ListItem\",\"position\":2,\"name\":\"Publications\"}]},{\"@type\":\"WebSite\",\"@id\":\"https:\/\/csaude.org.mz\/#website\",\"url\":\"https:\/\/csaude.org.mz\/\",\"name\":\"C-Sa\u00fade\",\"description\":\"Centro pela Sa\u00fade Global\",\"publisher\":{\"@id\":\"https:\/\/csaude.org.mz\/#organization\"},\"potentialAction\":[{\"@type\":\"SearchAction\",\"target\":{\"@type\":\"EntryPoint\",\"urlTemplate\":\"https:\/\/csaude.org.mz\/?s={search_term_string}\"},\"query-input\":{\"@type\":\"PropertyValueSpecification\",\"valueRequired\":true,\"valueName\":\"search_term_string\"}}],\"inLanguage\":\"pt-PT\"},{\"@type\":\"Organization\",\"@id\":\"https:\/\/csaude.org.mz\/#organization\",\"name\":\"C-Sa\u00fade\",\"url\":\"https:\/\/csaude.org.mz\/\",\"logo\":{\"@type\":\"ImageObject\",\"inLanguage\":\"pt-PT\",\"@id\":\"https:\/\/csaude.org.mz\/#\/schema\/logo\/image\/\",\"url\":\"https:\/\/csaude.org.mz\/wp-content\/uploads\/2024\/05\/c-saude_final-01.jpg\",\"contentUrl\":\"https:\/\/csaude.org.mz\/wp-content\/uploads\/2024\/05\/c-saude_final-01.jpg\",\"width\":857,\"height\":339,\"caption\":\"C-Sa\u00fade\"},\"image\":{\"@id\":\"https:\/\/csaude.org.mz\/#\/schema\/logo\/image\/\"},\"sameAs\":[\"https:\/\/www.linkedin.com\/company\/centro-pela-sade-global-c-sade\"]}]}<\/script>\n<!-- \/ Yoast SEO plugin. -->","yoast_head_json":{"title":"Publications - C-Sa\u00fade","robots":{"index":"index","follow":"follow","max-snippet":"max-snippet:-1","max-image-preview":"max-image-preview:large","max-video-preview":"max-video-preview:-1"},"canonical":"https:\/\/csaude.org.mz\/pt\/publications\/","og_locale":"pt_PT","og_type":"article","og_title":"Publications - C-Sa\u00fade","og_description":"Latest Publications C-Sa\u00fade scientific publications","og_url":"https:\/\/csaude.org.mz\/pt\/publications\/","og_site_name":"C-Sa\u00fade","article_modified_time":"2025-04-10T11:55:45+00:00","twitter_card":"summary_large_image","schema":{"@context":"https:\/\/schema.org","@graph":[{"@type":"WebPage","@id":"https:\/\/csaude.org.mz\/publications\/","url":"https:\/\/csaude.org.mz\/publications\/","name":"Publications - C-Sa\u00fade","isPartOf":{"@id":"https:\/\/csaude.org.mz\/#website"},"datePublished":"2024-06-11T13:33:22+00:00","dateModified":"2025-04-10T11:55:45+00:00","breadcrumb":{"@id":"https:\/\/csaude.org.mz\/publications\/#breadcrumb"},"inLanguage":"pt-PT","potentialAction":[{"@type":"ReadAction","target":["https:\/\/csaude.org.mz\/publications\/"]}]},{"@type":"BreadcrumbList","@id":"https:\/\/csaude.org.mz\/publications\/#breadcrumb","itemListElement":[{"@type":"ListItem","position":1,"name":"Home","item":"https:\/\/csaude.org.mz\/"},{"@type":"ListItem","position":2,"name":"Publications"}]},{"@type":"WebSite","@id":"https:\/\/csaude.org.mz\/#website","url":"https:\/\/csaude.org.mz\/","name":"C-Sa\u00fade","description":"Centro pela Sa\u00fade Global","publisher":{"@id":"https:\/\/csaude.org.mz\/#organization"},"potentialAction":[{"@type":"SearchAction","target":{"@type":"EntryPoint","urlTemplate":"https:\/\/csaude.org.mz\/?s={search_term_string}"},"query-input":{"@type":"PropertyValueSpecification","valueRequired":true,"valueName":"search_term_string"}}],"inLanguage":"pt-PT"},{"@type":"Organization","@id":"https:\/\/csaude.org.mz\/#organization","name":"C-Sa\u00fade","url":"https:\/\/csaude.org.mz\/","logo":{"@type":"ImageObject","inLanguage":"pt-PT","@id":"https:\/\/csaude.org.mz\/#\/schema\/logo\/image\/","url":"https:\/\/csaude.org.mz\/wp-content\/uploads\/2024\/05\/c-saude_final-01.jpg","contentUrl":"https:\/\/csaude.org.mz\/wp-content\/uploads\/2024\/05\/c-saude_final-01.jpg","width":857,"height":339,"caption":"C-Sa\u00fade"},"image":{"@id":"https:\/\/csaude.org.mz\/#\/schema\/logo\/image\/"},"sameAs":["https:\/\/www.linkedin.com\/company\/centro-pela-sade-global-c-sade"]}]}},"_links":{"self":[{"href":"https:\/\/csaude.org.mz\/pt\/wp-json\/wp\/v2\/pages\/1324","targetHints":{"allow":["GET"]}}],"collection":[{"href":"https:\/\/csaude.org.mz\/pt\/wp-json\/wp\/v2\/pages"}],"about":[{"href":"https:\/\/csaude.org.mz\/pt\/wp-json\/wp\/v2\/types\/page"}],"author":[{"embeddable":true,"href":"https:\/\/csaude.org.mz\/pt\/wp-json\/wp\/v2\/users\/1"}],"replies":[{"embeddable":true,"href":"https:\/\/csaude.org.mz\/pt\/wp-json\/wp\/v2\/comments?post=1324"}],"version-history":[{"count":0,"href":"https:\/\/csaude.org.mz\/pt\/wp-json\/wp\/v2\/pages\/1324\/revisions"}],"wp:attachment":[{"href":"https:\/\/csaude.org.mz\/pt\/wp-json\/wp\/v2\/media?parent=1324"}],"curies":[{"name":"wp","href":"https:\/\/api.w.org\/{rel}","templated":true}]}}