{"id":1359,"date":"2024-06-11T14:04:25","date_gmt":"2024-06-11T14:04:25","guid":{"rendered":"https:\/\/csaude.org.mz\/?page_id=1359"},"modified":"2024-11-05T14:46:18","modified_gmt":"2024-11-05T14:46:18","slug":"programs","status":"publish","type":"page","link":"https:\/\/csaude.org.mz\/pt\/programs\/","title":{"rendered":"Programas"},"content":{"rendered":"<div data-elementor-type=\"wp-page\" data-elementor-id=\"1359\" class=\"elementor elementor-1359\">\n\t\t\t\t<div class=\"elementor-element elementor-element-30682c5 e-flex e-con-boxed wpr-particle-no wpr-jarallax-no wpr-parallax-no wpr-sticky-section-no e-con e-parent\" data-id=\"30682c5\" data-element_type=\"container\" data-settings=\"{&quot;background_background&quot;:&quot;classic&quot;}\">\n\t\t\t\t\t<div class=\"e-con-inner\">\n\t\t\t\t<div class=\"elementor-element elementor-element-ff7e77f elementor-widget elementor-widget-heading\" data-id=\"ff7e77f\" data-element_type=\"widget\" data-widget_type=\"heading.default\">\n\t\t\t\t<div class=\"elementor-widget-container\">\n\t\t\t\t\t<h2 class=\"elementor-heading-title elementor-size-default\">Programas<\/h2>\t\t\t\t<\/div>\n\t\t\t\t<\/div>\n\t\t\t\t\t<\/div>\n\t\t\t\t<\/div>\n\t\t<div class=\"elementor-element elementor-element-3653146 e-grid e-con-boxed wpr-particle-no wpr-jarallax-no wpr-parallax-no wpr-sticky-section-no e-con e-parent\" data-id=\"3653146\" data-element_type=\"container\">\n\t\t\t\t\t<div class=\"e-con-inner\">\n\t\t\t\t<div class=\"elementor-element elementor-element-6c450a3 eael-infobox-content-align--center elementor-widget elementor-widget-eael-info-box\" data-id=\"6c450a3\" data-element_type=\"widget\" data-widget_type=\"eael-info-box.default\">\n\t\t\t\t<div class=\"elementor-widget-container\">\n\t\t\t\t\t        <div class=\"eael-infobox icon-on-top\">\n\t            <div class=\"infobox-content\">\n                    <div class=\"infobox-title-section\">\n                <h2 class=\"title\">Avante<\/h2>            <\/div>\n            <div><p>O programa Avante \u00e9 financiado pelo Plano de Emerg\u00eancia do Presidente para o Al\u00edvio da SIDA (PEPFAR), atrav\u00e9s dos Centros de Controlo e Preven\u00e7\u00e3o de Doen\u00e7as (CDC) do Governo dos Estados Unidos e apoia o Governo da Rep\u00fablica de Mo\u00e7ambique (GRM) nos seus esfor\u00e7os para controlar a epidemia do HIV.<\/p><\/div>        <div class=\"infobox-button\">\n            <a class=\"eael-infobox-button\" href=\"https:\/\/csaude.org.mz\/pt\/avante\/\">\n                                <span class=\"infobox-button-text\">Saiba mais<\/span>\n                            <\/a>\n        <\/div>\n            <\/div>\n            <\/div>\n\n\t\t\t\t\t\t<\/div>\n\t\t\t\t<\/div>\n\t\t\t\t<div class=\"elementor-element elementor-element-c529a09 eael-infobox-content-align--center elementor-widget elementor-widget-eael-info-box\" data-id=\"c529a09\" data-element_type=\"widget\" data-widget_type=\"eael-info-box.default\">\n\t\t\t\t<div class=\"elementor-widget-container\">\n\t\t\t\t\t        <div class=\"eael-infobox icon-on-top\">\n\t            <div class=\"infobox-content\">\n                    <div class=\"infobox-title-section\">\n                <h2 class=\"title\">Avante Sa\u00fade<\/h2>            <\/div>\n            <div><p>O projecto Avante Sa\u00fade \u00e9 um projecto da C-Sa\u00fade financiado pelo Plano de Emerg\u00eancia do Presidente para o Al\u00edvio da SIDA (PEPFAR), atrav\u00e9s dos Centros de Controlo e Preven\u00e7\u00e3o de Doen\u00e7as (CDC) do Governo dos Estados Unidos.<\/p><\/div>        <div class=\"infobox-button\">\n            <a class=\"eael-infobox-button\" href=\"https:\/\/csaude.org.mz\/pt\/avante-saude\/\">\n                                <span class=\"infobox-button-text\">Saiba mais<\/span>\n                            <\/a>\n        <\/div>\n            <\/div>\n            <\/div>\n\n\t\t\t\t\t\t<\/div>\n\t\t\t\t<\/div>\n\t\t\t\t<div class=\"elementor-element elementor-element-ef2d7e7 eael-infobox-content-align--center elementor-widget elementor-widget-eael-info-box\" data-id=\"ef2d7e7\" data-element_type=\"widget\" data-widget_type=\"eael-info-box.default\">\n\t\t\t\t<div class=\"elementor-widget-container\">\n\t\t\t\t\t        <div class=\"eael-infobox icon-on-top\">\n\t            <div class=\"infobox-content\">\n                    <div class=\"infobox-title-section\">\n                <h2 class=\"title\">SESP POC<\/h2>            <\/div>\n            <div><p>O Sistema Electr\u00f3nico de Seguimento de Pacientes (SESP) ao ponto de atendimento est\u00e1 desenvolvido e pilotado sob a orienta\u00e7\u00e3o das For\u00e7as Armadas de Defesa de Mo\u00e7ambique (FADM) e com financiamento do Departamento de Defesa dos Estados Unidos atrav\u00e9s da ONG internacional Jhpiego.<\/p><\/div>        <div class=\"infobox-button\">\n            <a class=\"eael-infobox-button\" href=\"https:\/\/csaude.org.mz\/pt\/men-for-health\/\">\n                                <span class=\"infobox-button-text\">Saiba mais<\/span>\n                            <\/a>\n        <\/div>\n            <\/div>\n            <\/div>\n\n\t\t\t\t\t\t<\/div>\n\t\t\t\t<\/div>\n\t\t\t\t\t<\/div>\n\t\t\t\t<\/div>\n\t\t\t\t<\/div>","protected":false},"excerpt":{"rendered":"<p>Programs Avante The Avante program is funded by the President\u2019s Emergency Plan for AIDS Relief (PEPFAR) through the Centers for Disease Control and Prevention (CDC) of the United States Government, and supports the Government of the Republic of Mozambique (GRM) in its efforts to control the HIV epidemic. Learn more Avante Sa\u00fade The Avante Sa\u00fade project is a C-Sa\u00fade project funded by the President\u2019s Emergency Plan for AIDS Relief (PEPFAR) through the Centers for Disease Control and Prevention (CDC) of the United States Government. Learn more SESP POC The Electronic Patient Tracking System (SESP) at the point of care is developed and piloted under the guidance of the Mozambique Defence Armed Forces (FADM) and funded by the U.S. Department of Defense through the international NGO Jhpiego. Learn more<\/p>","protected":false},"author":1,"featured_media":0,"parent":0,"menu_order":0,"comment_status":"closed","ping_status":"closed","template":"","meta":{"site-sidebar-layout":"no-sidebar","site-content-layout":"","ast-site-content-layout":"full-width-container","site-content-style":"default","site-sidebar-style":"default","ast-global-header-display":"","ast-banner-title-visibility":"","ast-main-header-display":"","ast-hfb-above-header-display":"","ast-hfb-below-header-display":"","ast-hfb-mobile-header-display":"","site-post-title":"disabled","ast-breadcrumbs-content":"","ast-featured-img":"disabled","footer-sml-layout":"","theme-transparent-header-meta":"","adv-header-id-meta":"","stick-header-meta":"","header-above-stick-meta":"","header-main-stick-meta":"","header-below-stick-meta":"","astra-migrate-meta-layouts":"default","ast-page-background-enabled":"default","ast-page-background-meta":{"desktop":{"background-color":"var(--ast-global-color-4)","background-image":"","background-repeat":"repeat","background-position":"center center","background-size":"auto","background-attachment":"scroll","background-type":"","background-media":"","overlay-type":"","overlay-color":"","overlay-opacity":"","overlay-gradient":""},"tablet":{"background-color":"","background-image":"","background-repeat":"repeat","background-position":"center center","background-size":"auto","background-attachment":"scroll","background-type":"","background-media":"","overlay-type":"","overlay-color":"","overlay-opacity":"","overlay-gradient":""},"mobile":{"background-color":"","background-image":"","background-repeat":"repeat","background-position":"center center","background-size":"auto","background-attachment":"scroll","background-type":"","background-media":"","overlay-type":"","overlay-color":"","overlay-opacity":"","overlay-gradient":""}},"ast-content-background-meta":{"desktop":{"background-color":"var(--ast-global-color-5)","background-image":"","background-repeat":"repeat","background-position":"center center","background-size":"auto","background-attachment":"scroll","background-type":"","background-media":"","overlay-type":"","overlay-color":"","overlay-opacity":"","overlay-gradient":""},"tablet":{"background-color":"var(--ast-global-color-5)","background-image":"","background-repeat":"repeat","background-position":"center center","background-size":"auto","background-attachment":"scroll","background-type":"","background-media":"","overlay-type":"","overlay-color":"","overlay-opacity":"","overlay-gradient":""},"mobile":{"background-color":"var(--ast-global-color-5)","background-image":"","background-repeat":"repeat","background-position":"center center","background-size":"auto","background-attachment":"scroll","background-type":"","background-media":"","overlay-type":"","overlay-color":"","overlay-opacity":"","overlay-gradient":""}},"footnotes":""},"class_list":["post-1359","page","type-page","status-publish","hentry"],"yoast_head":"<!-- This site is optimized with the Yoast SEO plugin v25.5 - https:\/\/yoast.com\/wordpress\/plugins\/seo\/ -->\n<title>Programs - C-Sa\u00fade<\/title>\n<meta name=\"robots\" content=\"index, follow, max-snippet:-1, max-image-preview:large, max-video-preview:-1\" \/>\n<link rel=\"canonical\" href=\"https:\/\/csaude.org.mz\/pt\/programs\/\" \/>\n<meta property=\"og:locale\" content=\"pt_PT\" \/>\n<meta property=\"og:type\" content=\"article\" \/>\n<meta property=\"og:title\" content=\"Programs - C-Sa\u00fade\" \/>\n<meta property=\"og:description\" content=\"Programs Avante The Avante program is funded by the President\u2019s Emergency Plan for AIDS Relief (PEPFAR) through the Centers for Disease Control and Prevention (CDC) of the United States Government, and supports the Government of the Republic of Mozambique (GRM) in its efforts to control the HIV epidemic. Learn more Avante Sa\u00fade The Avante Sa\u00fade project is a C-Sa\u00fade project funded by the President\u2019s Emergency Plan for AIDS Relief (PEPFAR) through the Centers for Disease Control and Prevention (CDC) of the United States Government. Learn more SESP POC The Electronic Patient Tracking System (SESP) at the point of care is developed and piloted under the guidance of the Mozambique Defence Armed Forces (FADM) and funded by the U.S. Department of Defense through the international NGO Jhpiego. Learn more\" \/>\n<meta property=\"og:url\" content=\"https:\/\/csaude.org.mz\/pt\/programs\/\" \/>\n<meta property=\"og:site_name\" content=\"C-Sa\u00fade\" \/>\n<meta property=\"article:modified_time\" content=\"2024-11-05T14:46:18+00:00\" \/>\n<meta name=\"twitter:card\" content=\"summary_large_image\" \/>\n<meta name=\"twitter:label1\" content=\"Tempo estimado de leitura\" \/>\n\t<meta name=\"twitter:data1\" content=\"1 minuto\" \/>\n<script type=\"application\/ld+json\" class=\"yoast-schema-graph\">{\"@context\":\"https:\/\/schema.org\",\"@graph\":[{\"@type\":\"WebPage\",\"@id\":\"https:\/\/csaude.org.mz\/pt\/programs\/\",\"url\":\"https:\/\/csaude.org.mz\/pt\/programs\/\",\"name\":\"Programs - C-Sa\u00fade\",\"isPartOf\":{\"@id\":\"https:\/\/csaude.org.mz\/#website\"},\"datePublished\":\"2024-06-11T14:04:25+00:00\",\"dateModified\":\"2024-11-05T14:46:18+00:00\",\"breadcrumb\":{\"@id\":\"https:\/\/csaude.org.mz\/pt\/programs\/#breadcrumb\"},\"inLanguage\":\"pt-PT\",\"potentialAction\":[{\"@type\":\"ReadAction\",\"target\":[\"https:\/\/csaude.org.mz\/pt\/programs\/\"]}]},{\"@type\":\"BreadcrumbList\",\"@id\":\"https:\/\/csaude.org.mz\/pt\/programs\/#breadcrumb\",\"itemListElement\":[{\"@type\":\"ListItem\",\"position\":1,\"name\":\"Home\",\"item\":\"https:\/\/csaude.org.mz\/\"},{\"@type\":\"ListItem\",\"position\":2,\"name\":\"Programs\"}]},{\"@type\":\"WebSite\",\"@id\":\"https:\/\/csaude.org.mz\/#website\",\"url\":\"https:\/\/csaude.org.mz\/\",\"name\":\"C-Sa\u00fade\",\"description\":\"Centro pela Sa\u00fade Global\",\"publisher\":{\"@id\":\"https:\/\/csaude.org.mz\/#organization\"},\"potentialAction\":[{\"@type\":\"SearchAction\",\"target\":{\"@type\":\"EntryPoint\",\"urlTemplate\":\"https:\/\/csaude.org.mz\/?s={search_term_string}\"},\"query-input\":{\"@type\":\"PropertyValueSpecification\",\"valueRequired\":true,\"valueName\":\"search_term_string\"}}],\"inLanguage\":\"pt-PT\"},{\"@type\":\"Organization\",\"@id\":\"https:\/\/csaude.org.mz\/#organization\",\"name\":\"C-Sa\u00fade\",\"url\":\"https:\/\/csaude.org.mz\/\",\"logo\":{\"@type\":\"ImageObject\",\"inLanguage\":\"pt-PT\",\"@id\":\"https:\/\/csaude.org.mz\/#\/schema\/logo\/image\/\",\"url\":\"https:\/\/csaude.org.mz\/wp-content\/uploads\/2024\/05\/c-saude_final-01.jpg\",\"contentUrl\":\"https:\/\/csaude.org.mz\/wp-content\/uploads\/2024\/05\/c-saude_final-01.jpg\",\"width\":857,\"height\":339,\"caption\":\"C-Sa\u00fade\"},\"image\":{\"@id\":\"https:\/\/csaude.org.mz\/#\/schema\/logo\/image\/\"},\"sameAs\":[\"https:\/\/www.linkedin.com\/company\/centro-pela-sade-global-c-sade\"]}]}<\/script>\n<!-- \/ Yoast SEO plugin. -->","yoast_head_json":{"title":"Programs - C-Sa\u00fade","robots":{"index":"index","follow":"follow","max-snippet":"max-snippet:-1","max-image-preview":"max-image-preview:large","max-video-preview":"max-video-preview:-1"},"canonical":"https:\/\/csaude.org.mz\/pt\/programs\/","og_locale":"pt_PT","og_type":"article","og_title":"Programs - C-Sa\u00fade","og_description":"Programs Avante The Avante program is funded by the President\u2019s Emergency Plan for AIDS Relief (PEPFAR) through the Centers for Disease Control and Prevention (CDC) of the United States Government, and supports the Government of the Republic of Mozambique (GRM) in its efforts to control the HIV epidemic. Learn more Avante Sa\u00fade The Avante Sa\u00fade project is a C-Sa\u00fade project funded by the President\u2019s Emergency Plan for AIDS Relief (PEPFAR) through the Centers for Disease Control and Prevention (CDC) of the United States Government. Learn more SESP POC The Electronic Patient Tracking System (SESP) at the point of care is developed and piloted under the guidance of the Mozambique Defence Armed Forces (FADM) and funded by the U.S. Department of Defense through the international NGO Jhpiego. Learn more","og_url":"https:\/\/csaude.org.mz\/pt\/programs\/","og_site_name":"C-Sa\u00fade","article_modified_time":"2024-11-05T14:46:18+00:00","twitter_card":"summary_large_image","twitter_misc":{"Tempo estimado de leitura":"1 minuto"},"schema":{"@context":"https:\/\/schema.org","@graph":[{"@type":"WebPage","@id":"https:\/\/csaude.org.mz\/pt\/programs\/","url":"https:\/\/csaude.org.mz\/pt\/programs\/","name":"Programs - C-Sa\u00fade","isPartOf":{"@id":"https:\/\/csaude.org.mz\/#website"},"datePublished":"2024-06-11T14:04:25+00:00","dateModified":"2024-11-05T14:46:18+00:00","breadcrumb":{"@id":"https:\/\/csaude.org.mz\/pt\/programs\/#breadcrumb"},"inLanguage":"pt-PT","potentialAction":[{"@type":"ReadAction","target":["https:\/\/csaude.org.mz\/pt\/programs\/"]}]},{"@type":"BreadcrumbList","@id":"https:\/\/csaude.org.mz\/pt\/programs\/#breadcrumb","itemListElement":[{"@type":"ListItem","position":1,"name":"Home","item":"https:\/\/csaude.org.mz\/"},{"@type":"ListItem","position":2,"name":"Programs"}]},{"@type":"WebSite","@id":"https:\/\/csaude.org.mz\/#website","url":"https:\/\/csaude.org.mz\/","name":"C-Sa\u00fade","description":"Centro pela Sa\u00fade Global","publisher":{"@id":"https:\/\/csaude.org.mz\/#organization"},"potentialAction":[{"@type":"SearchAction","target":{"@type":"EntryPoint","urlTemplate":"https:\/\/csaude.org.mz\/?s={search_term_string}"},"query-input":{"@type":"PropertyValueSpecification","valueRequired":true,"valueName":"search_term_string"}}],"inLanguage":"pt-PT"},{"@type":"Organization","@id":"https:\/\/csaude.org.mz\/#organization","name":"C-Sa\u00fade","url":"https:\/\/csaude.org.mz\/","logo":{"@type":"ImageObject","inLanguage":"pt-PT","@id":"https:\/\/csaude.org.mz\/#\/schema\/logo\/image\/","url":"https:\/\/csaude.org.mz\/wp-content\/uploads\/2024\/05\/c-saude_final-01.jpg","contentUrl":"https:\/\/csaude.org.mz\/wp-content\/uploads\/2024\/05\/c-saude_final-01.jpg","width":857,"height":339,"caption":"C-Sa\u00fade"},"image":{"@id":"https:\/\/csaude.org.mz\/#\/schema\/logo\/image\/"},"sameAs":["https:\/\/www.linkedin.com\/company\/centro-pela-sade-global-c-sade"]}]}},"_links":{"self":[{"href":"https:\/\/csaude.org.mz\/pt\/wp-json\/wp\/v2\/pages\/1359","targetHints":{"allow":["GET"]}}],"collection":[{"href":"https:\/\/csaude.org.mz\/pt\/wp-json\/wp\/v2\/pages"}],"about":[{"href":"https:\/\/csaude.org.mz\/pt\/wp-json\/wp\/v2\/types\/page"}],"author":[{"embeddable":true,"href":"https:\/\/csaude.org.mz\/pt\/wp-json\/wp\/v2\/users\/1"}],"replies":[{"embeddable":true,"href":"https:\/\/csaude.org.mz\/pt\/wp-json\/wp\/v2\/comments?post=1359"}],"version-history":[{"count":0,"href":"https:\/\/csaude.org.mz\/pt\/wp-json\/wp\/v2\/pages\/1359\/revisions"}],"wp:attachment":[{"href":"https:\/\/csaude.org.mz\/pt\/wp-json\/wp\/v2\/media?parent=1359"}],"curies":[{"name":"wp","href":"https:\/\/api.w.org\/{rel}","templated":true}]}}