{"id":1836,"date":"2024-06-25T21:58:27","date_gmt":"2024-06-25T21:58:27","guid":{"rendered":"https:\/\/csaude.org.mz\/?page_id=1836"},"modified":"2026-02-05T08:57:19","modified_gmt":"2026-02-05T08:57:19","slug":"audit-reports","status":"publish","type":"page","link":"https:\/\/csaude.org.mz\/pt\/audit-reports\/","title":{"rendered":"Relat\u00f3rios de Auditoria"},"content":{"rendered":"<div data-elementor-type=\"wp-page\" data-elementor-id=\"1836\" class=\"elementor elementor-1836\">\n\t\t\t\t<div class=\"elementor-element elementor-element-30682c5 e-flex e-con-boxed wpr-particle-no wpr-jarallax-no wpr-parallax-no wpr-sticky-section-no e-con e-parent\" data-id=\"30682c5\" data-element_type=\"container\" data-settings=\"{&quot;background_background&quot;:&quot;classic&quot;}\">\n\t\t\t\t\t<div class=\"e-con-inner\">\n\t\t\t\t<div class=\"elementor-element elementor-element-ff7e77f elementor-widget elementor-widget-heading\" data-id=\"ff7e77f\" data-element_type=\"widget\" data-widget_type=\"heading.default\">\n\t\t\t\t<div class=\"elementor-widget-container\">\n\t\t\t\t\t<h2 class=\"elementor-heading-title elementor-size-default\">Relat\u00f3rios de Auditoria<\/h2>\t\t\t\t<\/div>\n\t\t\t\t<\/div>\n\t\t\t\t\t<\/div>\n\t\t\t\t<\/div>\n\t\t<div class=\"elementor-element elementor-element-563b156 e-flex e-con-boxed wpr-particle-no wpr-jarallax-no wpr-parallax-no wpr-sticky-section-no e-con e-parent\" data-id=\"563b156\" data-element_type=\"container\">\n\t\t\t\t\t<div class=\"e-con-inner\">\n\t\t\t\t<div class=\"elementor-element elementor-element-66c6853 elementor-widget elementor-widget-text-editor\" data-id=\"66c6853\" data-element_type=\"widget\" data-widget_type=\"text-editor.default\">\n\t\t\t\t<div class=\"elementor-widget-container\">\n\t\t\t\t\t\t\t\t\t<h5>As auditorias da C-Sa\u00fade s\u00e3o conduzidas por entidades independentes, bem estabelecidas e de reconhecida reputa\u00e7\u00e3o, com experi\u00eancia comprovada. Estas auditorias seguem os mais elevados padr\u00f5es profissionais e internacionais, garantindo rigor, conformidade com os requisitos legais e contratuais, bem como transpar\u00eancia e boa governa\u00e7\u00e3o na gest\u00e3o dos recursos e das opera\u00e7\u00f5es da organiza\u00e7\u00e3o.<\/h5>\t\t\t\t\t\t\t\t<\/div>\n\t\t\t\t<\/div>\n\t\t\t\t\t<\/div>\n\t\t\t\t<\/div>\n\t\t<div class=\"elementor-element elementor-element-1231335 e-flex e-con-boxed wpr-particle-no wpr-jarallax-no wpr-parallax-no wpr-sticky-section-no e-con e-parent\" data-id=\"1231335\" data-element_type=\"container\">\n\t\t\t\t\t<div class=\"e-con-inner\">\n\t\t\t\t<div class=\"elementor-element elementor-element-696015b elementor-widget__width-initial elementor-widget-mobile__width-initial elementor-widget elementor-widget-image\" data-id=\"696015b\" data-element_type=\"widget\" data-widget_type=\"image.default\">\n\t\t\t\t<div class=\"elementor-widget-container\">\n\t\t\t\t\t\t\t\t\t\t\t\t<figure class=\"wp-caption\">\n\t\t\t\t\t\t\t\t\t\t\t<a href=\"http:\/\/csaude.org.mz\/wp-content\/uploads\/2024\/10\/Relatorio-do-Auditor.pdf\" target=\"_blank\" rel=\"nofollow\">\n\t\t\t\t\t\t\t<img decoding=\"async\" width=\"150\" height=\"150\" src=\"https:\/\/csaude.org.mz\/wp-content\/uploads\/2024\/10\/\u2014Pngtree\u2014pdf-file-icon-png_7965915-150x150.png\" class=\"elementor-animation-grow attachment-thumbnail size-thumbnail wp-image-3808\" alt=\"\" srcset=\"https:\/\/csaude.org.mz\/wp-content\/uploads\/2024\/10\/\u2014Pngtree\u2014pdf-file-icon-png_7965915-150x150.png 150w, https:\/\/csaude.org.mz\/wp-content\/uploads\/2024\/10\/\u2014Pngtree\u2014pdf-file-icon-png_7965915-300x300.png 300w, https:\/\/csaude.org.mz\/wp-content\/uploads\/2024\/10\/\u2014Pngtree\u2014pdf-file-icon-png_7965915-1024x1024.png 1024w, https:\/\/csaude.org.mz\/wp-content\/uploads\/2024\/10\/\u2014Pngtree\u2014pdf-file-icon-png_7965915-768x768.png 768w, https:\/\/csaude.org.mz\/wp-content\/uploads\/2024\/10\/\u2014Pngtree\u2014pdf-file-icon-png_7965915-1536x1536.png 1536w, https:\/\/csaude.org.mz\/wp-content\/uploads\/2024\/10\/\u2014Pngtree\u2014pdf-file-icon-png_7965915-2048x2048.png 2048w, https:\/\/csaude.org.mz\/wp-content\/uploads\/2024\/10\/\u2014Pngtree\u2014pdf-file-icon-png_7965915-12x12.png 12w\" sizes=\"(max-width: 150px) 100vw, 150px\" \/>\t\t\t\t\t\t\t\t<\/a>\n\t\t\t\t\t\t\t\t\t\t\t<figcaption class=\"widget-image-caption wp-caption-text\">Relat\u00f3rio Auditoria (Maio-Setembro 2023)<\/figcaption>\n\t\t\t\t\t\t\t\t\t\t<\/figure>\n\t\t\t\t\t\t\t\t\t<\/div>\n\t\t\t\t<\/div>\n\t\t\t\t<div class=\"elementor-element elementor-element-39cd794 elementor-widget__width-initial elementor-widget-mobile__width-initial elementor-widget elementor-widget-image\" data-id=\"39cd794\" data-element_type=\"widget\" data-widget_type=\"image.default\">\n\t\t\t\t<div class=\"elementor-widget-container\">\n\t\t\t\t\t\t\t\t\t\t\t\t<figure class=\"wp-caption\">\n\t\t\t\t\t\t\t\t\t\t\t<a href=\"http:\/\/csaude.org.mz\/wp-content\/uploads\/2026\/02\/Relatorio-do-Auditor-FY24.pdf\" target=\"_blank\" rel=\"nofollow\">\n\t\t\t\t\t\t\t<img decoding=\"async\" width=\"150\" height=\"150\" src=\"https:\/\/csaude.org.mz\/wp-content\/uploads\/2024\/10\/\u2014Pngtree\u2014pdf-file-icon-png_7965915-150x150.png\" class=\"elementor-animation-grow attachment-thumbnail size-thumbnail wp-image-3808\" alt=\"\" srcset=\"https:\/\/csaude.org.mz\/wp-content\/uploads\/2024\/10\/\u2014Pngtree\u2014pdf-file-icon-png_7965915-150x150.png 150w, https:\/\/csaude.org.mz\/wp-content\/uploads\/2024\/10\/\u2014Pngtree\u2014pdf-file-icon-png_7965915-300x300.png 300w, https:\/\/csaude.org.mz\/wp-content\/uploads\/2024\/10\/\u2014Pngtree\u2014pdf-file-icon-png_7965915-1024x1024.png 1024w, https:\/\/csaude.org.mz\/wp-content\/uploads\/2024\/10\/\u2014Pngtree\u2014pdf-file-icon-png_7965915-768x768.png 768w, https:\/\/csaude.org.mz\/wp-content\/uploads\/2024\/10\/\u2014Pngtree\u2014pdf-file-icon-png_7965915-1536x1536.png 1536w, https:\/\/csaude.org.mz\/wp-content\/uploads\/2024\/10\/\u2014Pngtree\u2014pdf-file-icon-png_7965915-2048x2048.png 2048w, https:\/\/csaude.org.mz\/wp-content\/uploads\/2024\/10\/\u2014Pngtree\u2014pdf-file-icon-png_7965915-12x12.png 12w\" sizes=\"(max-width: 150px) 100vw, 150px\" \/>\t\t\t\t\t\t\t\t<\/a>\n\t\t\t\t\t\t\t\t\t\t\t<figcaption class=\"widget-image-caption wp-caption-text\">Relat\u00f3rio Auditoria (Outubro 2023 a Setembro 2024)<\/figcaption>\n\t\t\t\t\t\t\t\t\t\t<\/figure>\n\t\t\t\t\t\t\t\t\t<\/div>\n\t\t\t\t<\/div>\n\t\t\t\t\t<\/div>\n\t\t\t\t<\/div>\n\t\t\t\t<\/div>","protected":false},"excerpt":{"rendered":"<p>Audit Reports C-Sa\u00fade audits are conducted by independent, well-established and reputable entities with proven expertise. These audits adhere to the highest professional and international standards, ensuring rigor, compliance with legal and contractual requirements, and transparency and good governance in the management of the organization\u2019s resources and operations. Audit report (May-September 2023) Audit Report (October 2023 to September 2024)<\/p>","protected":false},"author":1,"featured_media":0,"parent":0,"menu_order":0,"comment_status":"closed","ping_status":"closed","template":"","meta":{"site-sidebar-layout":"no-sidebar","site-content-layout":"","ast-site-content-layout":"full-width-container","site-content-style":"default","site-sidebar-style":"default","ast-global-header-display":"","ast-banner-title-visibility":"","ast-main-header-display":"","ast-hfb-above-header-display":"","ast-hfb-below-header-display":"","ast-hfb-mobile-header-display":"","site-post-title":"disabled","ast-breadcrumbs-content":"","ast-featured-img":"disabled","footer-sml-layout":"","theme-transparent-header-meta":"","adv-header-id-meta":"","stick-header-meta":"","header-above-stick-meta":"","header-main-stick-meta":"","header-below-stick-meta":"","astra-migrate-meta-layouts":"default","ast-page-background-enabled":"default","ast-page-background-meta":{"desktop":{"background-color":"var(--ast-global-color-4)","background-image":"","background-repeat":"repeat","background-position":"center center","background-size":"auto","background-attachment":"scroll","background-type":"","background-media":"","overlay-type":"","overlay-color":"","overlay-opacity":"","overlay-gradient":""},"tablet":{"background-color":"","background-image":"","background-repeat":"repeat","background-position":"center center","background-size":"auto","background-attachment":"scroll","background-type":"","background-media":"","overlay-type":"","overlay-color":"","overlay-opacity":"","overlay-gradient":""},"mobile":{"background-color":"","background-image":"","background-repeat":"repeat","background-position":"center center","background-size":"auto","background-attachment":"scroll","background-type":"","background-media":"","overlay-type":"","overlay-color":"","overlay-opacity":"","overlay-gradient":""}},"ast-content-background-meta":{"desktop":{"background-color":"var(--ast-global-color-5)","background-image":"","background-repeat":"repeat","background-position":"center center","background-size":"auto","background-attachment":"scroll","background-type":"","background-media":"","overlay-type":"","overlay-color":"","overlay-opacity":"","overlay-gradient":""},"tablet":{"background-color":"var(--ast-global-color-5)","background-image":"","background-repeat":"repeat","background-position":"center center","background-size":"auto","background-attachment":"scroll","background-type":"","background-media":"","overlay-type":"","overlay-color":"","overlay-opacity":"","overlay-gradient":""},"mobile":{"background-color":"var(--ast-global-color-5)","background-image":"","background-repeat":"repeat","background-position":"center center","background-size":"auto","background-attachment":"scroll","background-type":"","background-media":"","overlay-type":"","overlay-color":"","overlay-opacity":"","overlay-gradient":""}},"footnotes":""},"class_list":["post-1836","page","type-page","status-publish","hentry"],"yoast_head":"<!-- This site is optimized with the Yoast SEO plugin v25.5 - https:\/\/yoast.com\/wordpress\/plugins\/seo\/ -->\n<title>Audit Reports - C-Sa\u00fade<\/title>\n<meta name=\"description\" content=\"C-Sa\u00fade audits are conducted by independent, well-established and reputable entities with proven expertise. These audits adhere to the highest professional and international standards, ensuring rigor, compliance with legal and contractual requirements, and transparency and good governance in the management of the organization\u2019s resources and operations.\" \/>\n<meta name=\"robots\" content=\"index, follow, max-snippet:-1, max-image-preview:large, max-video-preview:-1\" \/>\n<link rel=\"canonical\" href=\"https:\/\/csaude.org.mz\/pt\/audit-reports\/\" \/>\n<meta property=\"og:locale\" content=\"pt_PT\" \/>\n<meta property=\"og:type\" content=\"article\" \/>\n<meta property=\"og:title\" content=\"Audit Reports - C-Sa\u00fade\" \/>\n<meta property=\"og:description\" content=\"C-Sa\u00fade audits are conducted by independent, well-established and reputable entities with proven expertise. These audits adhere to the highest professional and international standards, ensuring rigor, compliance with legal and contractual requirements, and transparency and good governance in the management of the organization\u2019s resources and operations.\" \/>\n<meta property=\"og:url\" content=\"https:\/\/csaude.org.mz\/pt\/audit-reports\/\" \/>\n<meta property=\"og:site_name\" content=\"C-Sa\u00fade\" \/>\n<meta property=\"article:modified_time\" content=\"2026-02-05T08:57:19+00:00\" \/>\n<meta name=\"twitter:card\" content=\"summary_large_image\" \/>\n<meta name=\"twitter:label1\" content=\"Tempo estimado de leitura\" \/>\n\t<meta name=\"twitter:data1\" content=\"1 minuto\" \/>\n<script type=\"application\/ld+json\" class=\"yoast-schema-graph\">{\"@context\":\"https:\/\/schema.org\",\"@graph\":[{\"@type\":\"WebPage\",\"@id\":\"https:\/\/csaude.org.mz\/audit-reports\/\",\"url\":\"https:\/\/csaude.org.mz\/audit-reports\/\",\"name\":\"Audit Reports - C-Sa\u00fade\",\"isPartOf\":{\"@id\":\"https:\/\/csaude.org.mz\/#website\"},\"datePublished\":\"2024-06-25T21:58:27+00:00\",\"dateModified\":\"2026-02-05T08:57:19+00:00\",\"description\":\"C-Sa\u00fade audits are conducted by independent, well-established and reputable entities with proven expertise. These audits adhere to the highest professional and international standards, ensuring rigor, compliance with legal and contractual requirements, and transparency and good governance in the management of the organization\u2019s resources and operations.\",\"breadcrumb\":{\"@id\":\"https:\/\/csaude.org.mz\/audit-reports\/#breadcrumb\"},\"inLanguage\":\"pt-PT\",\"potentialAction\":[{\"@type\":\"ReadAction\",\"target\":[\"https:\/\/csaude.org.mz\/audit-reports\/\"]}]},{\"@type\":\"BreadcrumbList\",\"@id\":\"https:\/\/csaude.org.mz\/audit-reports\/#breadcrumb\",\"itemListElement\":[{\"@type\":\"ListItem\",\"position\":1,\"name\":\"Home\",\"item\":\"https:\/\/csaude.org.mz\/\"},{\"@type\":\"ListItem\",\"position\":2,\"name\":\"Audit Reports\"}]},{\"@type\":\"WebSite\",\"@id\":\"https:\/\/csaude.org.mz\/#website\",\"url\":\"https:\/\/csaude.org.mz\/\",\"name\":\"C-Sa\u00fade\",\"description\":\"Centro pela Sa\u00fade Global\",\"publisher\":{\"@id\":\"https:\/\/csaude.org.mz\/#organization\"},\"potentialAction\":[{\"@type\":\"SearchAction\",\"target\":{\"@type\":\"EntryPoint\",\"urlTemplate\":\"https:\/\/csaude.org.mz\/?s={search_term_string}\"},\"query-input\":{\"@type\":\"PropertyValueSpecification\",\"valueRequired\":true,\"valueName\":\"search_term_string\"}}],\"inLanguage\":\"pt-PT\"},{\"@type\":\"Organization\",\"@id\":\"https:\/\/csaude.org.mz\/#organization\",\"name\":\"C-Sa\u00fade\",\"url\":\"https:\/\/csaude.org.mz\/\",\"logo\":{\"@type\":\"ImageObject\",\"inLanguage\":\"pt-PT\",\"@id\":\"https:\/\/csaude.org.mz\/#\/schema\/logo\/image\/\",\"url\":\"https:\/\/csaude.org.mz\/wp-content\/uploads\/2024\/05\/c-saude_final-01.jpg\",\"contentUrl\":\"https:\/\/csaude.org.mz\/wp-content\/uploads\/2024\/05\/c-saude_final-01.jpg\",\"width\":857,\"height\":339,\"caption\":\"C-Sa\u00fade\"},\"image\":{\"@id\":\"https:\/\/csaude.org.mz\/#\/schema\/logo\/image\/\"},\"sameAs\":[\"https:\/\/www.linkedin.com\/company\/centro-pela-sade-global-c-sade\"]}]}<\/script>\n<!-- \/ Yoast SEO plugin. -->","yoast_head_json":{"title":"Audit Reports - C-Sa\u00fade","description":"As auditorias da C-Sa\u00fade s\u00e3o conduzidas por entidades independentes, bem estabelecidas e de reconhecida reputa\u00e7\u00e3o, com experi\u00eancia comprovada. Estas auditorias seguem os mais elevados padr\u00f5es profissionais e internacionais, garantindo rigor, conformidade com os requisitos legais e contratuais, bem como transpar\u00eancia e boa governa\u00e7\u00e3o na gest\u00e3o dos recursos e das opera\u00e7\u00f5es da organiza\u00e7\u00e3o.","robots":{"index":"index","follow":"follow","max-snippet":"max-snippet:-1","max-image-preview":"max-image-preview:large","max-video-preview":"max-video-preview:-1"},"canonical":"https:\/\/csaude.org.mz\/pt\/audit-reports\/","og_locale":"pt_PT","og_type":"article","og_title":"Audit Reports - C-Sa\u00fade","og_description":"C-Sa\u00fade audits are conducted by independent, well-established and reputable entities with proven expertise. These audits adhere to the highest professional and international standards, ensuring rigor, compliance with legal and contractual requirements, and transparency and good governance in the management of the organization\u2019s resources and operations.","og_url":"https:\/\/csaude.org.mz\/pt\/audit-reports\/","og_site_name":"C-Sa\u00fade","article_modified_time":"2026-02-05T08:57:19+00:00","twitter_card":"summary_large_image","twitter_misc":{"Tempo estimado de leitura":"1 minuto"},"schema":{"@context":"https:\/\/schema.org","@graph":[{"@type":"WebPage","@id":"https:\/\/csaude.org.mz\/audit-reports\/","url":"https:\/\/csaude.org.mz\/audit-reports\/","name":"Audit Reports - C-Sa\u00fade","isPartOf":{"@id":"https:\/\/csaude.org.mz\/#website"},"datePublished":"2024-06-25T21:58:27+00:00","dateModified":"2026-02-05T08:57:19+00:00","description":"As auditorias da C-Sa\u00fade s\u00e3o conduzidas por entidades independentes, bem estabelecidas e de reconhecida reputa\u00e7\u00e3o, com experi\u00eancia comprovada. Estas auditorias seguem os mais elevados padr\u00f5es profissionais e internacionais, garantindo rigor, conformidade com os requisitos legais e contratuais, bem como transpar\u00eancia e boa governa\u00e7\u00e3o na gest\u00e3o dos recursos e das opera\u00e7\u00f5es da organiza\u00e7\u00e3o.","breadcrumb":{"@id":"https:\/\/csaude.org.mz\/audit-reports\/#breadcrumb"},"inLanguage":"pt-PT","potentialAction":[{"@type":"ReadAction","target":["https:\/\/csaude.org.mz\/audit-reports\/"]}]},{"@type":"BreadcrumbList","@id":"https:\/\/csaude.org.mz\/audit-reports\/#breadcrumb","itemListElement":[{"@type":"ListItem","position":1,"name":"Home","item":"https:\/\/csaude.org.mz\/"},{"@type":"ListItem","position":2,"name":"Audit Reports"}]},{"@type":"WebSite","@id":"https:\/\/csaude.org.mz\/#website","url":"https:\/\/csaude.org.mz\/","name":"C-Sa\u00fade","description":"Centro pela Sa\u00fade Global","publisher":{"@id":"https:\/\/csaude.org.mz\/#organization"},"potentialAction":[{"@type":"SearchAction","target":{"@type":"EntryPoint","urlTemplate":"https:\/\/csaude.org.mz\/?s={search_term_string}"},"query-input":{"@type":"PropertyValueSpecification","valueRequired":true,"valueName":"search_term_string"}}],"inLanguage":"pt-PT"},{"@type":"Organization","@id":"https:\/\/csaude.org.mz\/#organization","name":"C-Sa\u00fade","url":"https:\/\/csaude.org.mz\/","logo":{"@type":"ImageObject","inLanguage":"pt-PT","@id":"https:\/\/csaude.org.mz\/#\/schema\/logo\/image\/","url":"https:\/\/csaude.org.mz\/wp-content\/uploads\/2024\/05\/c-saude_final-01.jpg","contentUrl":"https:\/\/csaude.org.mz\/wp-content\/uploads\/2024\/05\/c-saude_final-01.jpg","width":857,"height":339,"caption":"C-Sa\u00fade"},"image":{"@id":"https:\/\/csaude.org.mz\/#\/schema\/logo\/image\/"},"sameAs":["https:\/\/www.linkedin.com\/company\/centro-pela-sade-global-c-sade"]}]}},"_links":{"self":[{"href":"https:\/\/csaude.org.mz\/pt\/wp-json\/wp\/v2\/pages\/1836","targetHints":{"allow":["GET"]}}],"collection":[{"href":"https:\/\/csaude.org.mz\/pt\/wp-json\/wp\/v2\/pages"}],"about":[{"href":"https:\/\/csaude.org.mz\/pt\/wp-json\/wp\/v2\/types\/page"}],"author":[{"embeddable":true,"href":"https:\/\/csaude.org.mz\/pt\/wp-json\/wp\/v2\/users\/1"}],"replies":[{"embeddable":true,"href":"https:\/\/csaude.org.mz\/pt\/wp-json\/wp\/v2\/comments?post=1836"}],"version-history":[{"count":0,"href":"https:\/\/csaude.org.mz\/pt\/wp-json\/wp\/v2\/pages\/1836\/revisions"}],"wp:attachment":[{"href":"https:\/\/csaude.org.mz\/pt\/wp-json\/wp\/v2\/media?parent=1836"}],"curies":[{"name":"wp","href":"https:\/\/api.w.org\/{rel}","templated":true}]}}