{"id":3500,"date":"2024-10-24T19:07:55","date_gmt":"2024-10-24T19:07:55","guid":{"rendered":"https:\/\/csaude.org.mz\/?page_id=3500"},"modified":"2026-04-02T14:11:41","modified_gmt":"2026-04-02T14:11:41","slug":"sesp-poc","status":"publish","type":"page","link":"https:\/\/csaude.org.mz\/pt\/sesp-poc\/","title":{"rendered":"SESP POC"},"content":{"rendered":"<div data-elementor-type=\"wp-page\" data-elementor-id=\"3500\" class=\"elementor elementor-3500\">\n\t\t\t\t<div class=\"elementor-element elementor-element-6769aa7 e-flex e-con-boxed wpr-particle-no wpr-jarallax-no wpr-parallax-no wpr-sticky-section-no e-con e-parent\" data-id=\"6769aa7\" data-element_type=\"container\" data-settings=\"{&quot;background_background&quot;:&quot;classic&quot;}\">\n\t\t\t\t\t<div class=\"e-con-inner\">\n\t\t\t\t<div class=\"elementor-element elementor-element-957eb4c elementor-widget elementor-widget-heading\" data-id=\"957eb4c\" data-element_type=\"widget\" data-widget_type=\"heading.default\">\n\t\t\t\t<div class=\"elementor-widget-container\">\n\t\t\t\t\t<h2 class=\"elementor-heading-title elementor-size-default\">SESP POC<\/h2>\t\t\t\t<\/div>\n\t\t\t\t<\/div>\n\t\t\t\t\t<\/div>\n\t\t\t\t<\/div>\n\t\t<div class=\"elementor-element elementor-element-803813a e-flex e-con-boxed wpr-particle-no wpr-jarallax-no wpr-parallax-no wpr-sticky-section-no e-con e-parent\" data-id=\"803813a\" data-element_type=\"container\">\n\t\t\t\t\t<div class=\"e-con-inner\">\n\t\t<div class=\"elementor-element elementor-element-dd6b586 e-con-full e-flex wpr-particle-no wpr-jarallax-no wpr-parallax-no wpr-sticky-section-no e-con e-child\" data-id=\"dd6b586\" data-element_type=\"container\">\n\t\t\t\t<div class=\"elementor-element elementor-element-6b83ce6 elementor-widget elementor-widget-text-editor\" data-id=\"6b83ce6\" data-element_type=\"widget\" data-widget_type=\"text-editor.default\">\n\t\t\t\t<div class=\"elementor-widget-container\">\n\t\t\t\t\t\t\t\t\t<div><h6><span lang=\"EN-US\">Work towards t<\/span>he <span lang=\"EN-US\">development <\/span>Electronic Patient Tracking System (EPTS\/SESP) at the point of care was <span lang=\"EN-US\">performed<\/span> Foram realizados trabalhos para o desenvolvimento do Sistema Electr\u00f3nico de Seguimento de Pacientes (EPTS\/SESP) ao n\u00edvel do ponto de presta\u00e7\u00e3o de cuidados, sob a orienta\u00e7\u00e3o das For\u00e7as Armadas de Defesa de Mo\u00e7ambique (FADM) e financiados pelo Governo dos Estados Unidos, atrav\u00e9s da ONG internacional Jhpiego. O programa foi implementado entre agosto de 2024 e janeiro de 2025. <span lang=\"EN-US\">The program was implemented between August 2024 and January 2025.<\/span><\/h6><\/div>\t\t\t\t\t\t\t\t<\/div>\n\t\t\t\t<\/div>\n\t\t<div class=\"elementor-element elementor-element-0b8bda1 e-grid e-con-full wpr-particle-no wpr-jarallax-no wpr-parallax-no wpr-sticky-section-no e-con e-child\" data-id=\"0b8bda1\" data-element_type=\"container\">\n\t\t\t\t<div class=\"elementor-element elementor-element-79d6f43 eael-infobox-content-align--center elementor-widget elementor-widget-eael-info-box\" data-id=\"79d6f43\" data-element_type=\"widget\" data-widget_type=\"eael-info-box.default\">\n\t\t\t\t<div class=\"elementor-widget-container\">\n\t\t\t\t\t        <div class=\"eael-infobox icon-on-top\">\n\t            <div class=\"infobox-content\">\n                    <div class=\"infobox-title-section\">\n                <h2 class=\"title\">Sistemas de Informa\u00e7\u00e3o em Sa\u00fade<\/h2>            <\/div>\n            <div><div class=\"elementor-element elementor-element-cd4b2aa elementor-widget elementor-widget-text-editor\" data-id=\"cd4b2aa\" data-element_type=\"widget\" data-widget_type=\"text-editor.default\">\n<div class=\"elementor-widget-container\">A C-Sa\u00fade apoia o desenvolvimento de Sistemas de Informa\u00e7\u00e3o em Sa\u00fade utilizados na implementa\u00e7\u00e3o do programa PEPFAR em Mo\u00e7ambique.<\/div>\n<\/div>\n&nbsp;<\/div>        <div class=\"infobox-button\">\n            <a class=\"eael-infobox-button\" href=\"https:\/\/csaude.org.mz\/pt\/health-information-systems\/\">\n                                <span class=\"infobox-button-text\">Saiba mais<\/span>\n                            <\/a>\n        <\/div>\n            <\/div>\n            <\/div>\n\n\t\t\t\t\t\t<\/div>\n\t\t\t\t<\/div>\n\t\t\t\t<div class=\"elementor-element elementor-element-17f606c eael-infobox-content-align--center elementor-widget elementor-widget-eael-info-box\" data-id=\"17f606c\" data-element_type=\"widget\" data-widget_type=\"eael-info-box.default\">\n\t\t\t\t<div class=\"elementor-widget-container\">\n\t\t\t\t\t        <div class=\"eael-infobox icon-on-top\">\n\t            <div class=\"infobox-content\">\n                    <div class=\"infobox-title-section\">\n                <h2 class=\"title\">HIV<\/h2>            <\/div>\n            <div><div class=\"elementor-element elementor-element-cd4b2aa elementor-widget elementor-widget-text-editor\" data-id=\"cd4b2aa\" data-element_type=\"widget\" data-widget_type=\"text-editor.default\">\n<div class=\"elementor-widget-container\">A C-Sa\u00fade apoia na implementa\u00e7\u00e3o de um conjunto de actividades nas unidades sanit\u00e1rias e nas comunidades que visam o controle da epidemia do HIV.<\/div>\n<\/div>\n&nbsp;<\/div>        <div class=\"infobox-button\">\n            <a class=\"eael-infobox-button\" href=\"https:\/\/csaude.org.mz\/pt\/hiv-care-and-treatment\/\">\n                                <span class=\"infobox-button-text\">Saiba mais<\/span>\n                            <\/a>\n        <\/div>\n            <\/div>\n            <\/div>\n\n\t\t\t\t\t\t<\/div>\n\t\t\t\t<\/div>\n\t\t\t\t<div class=\"elementor-element elementor-element-7976c02 eael-infobox-content-align--center elementor-widget elementor-widget-eael-info-box\" data-id=\"7976c02\" data-element_type=\"widget\" data-widget_type=\"eael-info-box.default\">\n\t\t\t\t<div class=\"elementor-widget-container\">\n\t\t\t\t\t        <div class=\"eael-infobox icon-on-top\">\n\t            <div class=\"infobox-content\">\n                    <div class=\"infobox-title-section\">\n                <h2 class=\"title\">Tuberculose<\/h2>            <\/div>\n            <div><div class=\"elementor-element elementor-element-cd4b2aa elementor-widget elementor-widget-text-editor\" data-id=\"cd4b2aa\" data-element_type=\"widget\" data-widget_type=\"text-editor.default\">\n<div class=\"elementor-widget-container\">O portof\u00f3lio de apoios da C-Sa\u00fade \u00e9 abrangente e centrado em v\u00e1rias \u00e1reas essenciais para a luta contra a tuberculose.<\/div>\n<\/div>\n&nbsp;<\/div>        <div class=\"infobox-button\">\n            <a class=\"eael-infobox-button\" href=\"https:\/\/csaude.org.mz\/pt\/tuberculosis\/\">\n                                <span class=\"infobox-button-text\">Saiba mais<\/span>\n                            <\/a>\n        <\/div>\n            <\/div>\n            <\/div>\n\n\t\t\t\t\t\t<\/div>\n\t\t\t\t<\/div>\n\t\t\t\t<div class=\"elementor-element elementor-element-c338935 eael-infobox-content-align--center elementor-widget elementor-widget-eael-info-box\" data-id=\"c338935\" data-element_type=\"widget\" data-widget_type=\"eael-info-box.default\">\n\t\t\t\t<div class=\"elementor-widget-container\">\n\t\t\t\t\t        <div class=\"eael-infobox icon-on-top\">\n\t            <div class=\"infobox-content\">\n                    <div class=\"infobox-title-section\">\n                <h2 class=\"title\">Cancro do Colo do \u00datero<\/h2>            <\/div>\n            <div><div class=\"elementor-element elementor-element-cd4b2aa elementor-widget elementor-widget-text-editor\" data-id=\"cd4b2aa\" data-element_type=\"widget\" data-widget_type=\"text-editor.default\">\n<div class=\"elementor-widget-container\">A C-Sa\u00fade apoia o fornecimento de servi\u00e7os de alta qualidade de rastreio e tratamento do cancro do colo do \u00fatero.<\/div>\n<\/div>\n&nbsp;<\/div>        <div class=\"infobox-button\">\n            <a class=\"eael-infobox-button\" href=\"https:\/\/csaude.org.mz\/pt\/cervical-cancer\/\">\n                                <span class=\"infobox-button-text\">Saiba mais<\/span>\n                            <\/a>\n        <\/div>\n            <\/div>\n            <\/div>\n\n\t\t\t\t\t\t<\/div>\n\t\t\t\t<\/div>\n\t\t\t\t<\/div>\n\t\t\t\t<\/div>\n\t\t<div class=\"elementor-element elementor-element-9e2ab6a e-con-full e-flex wpr-particle-no wpr-jarallax-no wpr-parallax-no wpr-sticky-section-no e-con e-child\" data-id=\"9e2ab6a\" data-element_type=\"container\">\n\t\t\t\t<div class=\"elementor-element elementor-element-0e2fc78 elementor-widget elementor-widget-heading\" data-id=\"0e2fc78\" data-element_type=\"widget\" data-widget_type=\"heading.default\">\n\t\t\t\t<div class=\"elementor-widget-container\">\n\t\t\t\t\t<h2 class=\"elementor-heading-title elementor-size-default\">PROGRAMAS<\/h2>\t\t\t\t<\/div>\n\t\t\t\t<\/div>\n\t\t\t\t<div class=\"elementor-element elementor-element-1842a11 eael-hamburger--none elementor-widget-tablet__width-initial eael_simple_menu_hamburger_disable_selected_menu_no eael-simple-menu-hamburger-align-right elementor-widget elementor-widget-eael-simple-menu\" data-id=\"1842a11\" data-element_type=\"widget\" data-widget_type=\"eael-simple-menu.default\">\n\t\t\t\t<div class=\"elementor-widget-container\">\n\t\t\t\t\t            <div data-hamburger-icon=\"&lt;svg aria-hidden=&quot;true&quot; class=&quot;e-font-icon-svg e-fas-bars&quot; viewBox=&quot;0 0 448 512&quot; xmlns=&quot;http:\/\/www.w3.org\/2000\/svg&quot;&gt;&lt;path d=&quot;M16 132h416c8.837 0 16-7.163 16-16V76c0-8.837-7.163-16-16-16H16C7.163 60 0 67.163 0 76v40c0 8.837 7.163 16 16 16zm0 160h416c8.837 0 16-7.163 16-16v-40c0-8.837-7.163-16-16-16H16c-8.837 0-16 7.163-16 16v40c0 8.837 7.163 16 16 16zm0 160h416c8.837 0 16-7.163 16-16v-40c0-8.837-7.163-16-16-16H16c-8.837 0-16 7.163-16 16v40c0 8.837 7.163 16 16 16z&quot;&gt;&lt;\/path&gt;&lt;\/svg&gt;\" data-indicator-icon=\"&lt;svg aria-hidden=&quot;true&quot; class=&quot;e-font-icon-svg e-fas-angle-down&quot; viewBox=&quot;0 0 320 512&quot; xmlns=&quot;http:\/\/www.w3.org\/2000\/svg&quot;&gt;&lt;path d=&quot;M143 352.3L7 216.3c-9.4-9.4-9.4-24.6 0-33.9l22.6-22.6c9.4-9.4 24.6-9.4 33.9 0l96.4 96.4 96.4-96.4c9.4-9.4 24.6-9.4 33.9 0l22.6 22.6c9.4 9.4 9.4 24.6 0 33.9l-136 136c-9.2 9.4-24.4 9.4-33.8 0z&quot;&gt;&lt;\/path&gt;&lt;\/svg&gt;\" data-dropdown-indicator-icon=\"&lt;svg class=&quot;e-font-icon-svg e-fas-angle-down&quot; viewBox=&quot;0 0 320 512&quot; xmlns=&quot;http:\/\/www.w3.org\/2000\/svg&quot;&gt;&lt;path d=&quot;M143 352.3L7 216.3c-9.4-9.4-9.4-24.6 0-33.9l22.6-22.6c9.4-9.4 24.6-9.4 33.9 0l96.4 96.4 96.4-96.4c9.4-9.4 24.6-9.4 33.9 0l22.6 22.6c9.4 9.4 9.4 24.6 0 33.9l-136 136c-9.2 9.4-24.4 9.4-33.8 0z&quot;&gt;&lt;\/path&gt;&lt;\/svg&gt;\" class=\"eael-simple-menu-container eael-simple-menu-align-left eael-simple-menu-dropdown-align-left preset-1\" data-hamburger-breakpoints=\"{&quot;mobile&quot;:&quot;Mobile ao alto (&gt; 767px)&quot;,&quot;tablet&quot;:&quot;Tablet Portrait (&gt; 1024px)&quot;,&quot;desktop&quot;:&quot;Desktop (&gt; 2400px)&quot;,&quot;none&quot;:&quot;None&quot;}\" data-hamburger-device=\"none\">\n                                <button class=\"eael-simple-menu-toggle\">\n                    <span class=\"sr-only\">Hamburger Toggle Menu<\/span>\n                    <svg aria-hidden=\"true\" class=\"e-font-icon-svg e-fas-bars\" viewbox=\"0 0 448 512\" xmlns=\"http:\/\/www.w3.org\/2000\/svg\"><path d=\"M16 132h416c8.837 0 16-7.163 16-16V76c0-8.837-7.163-16-16-16H16C7.163 60 0 67.163 0 76v40c0 8.837 7.163 16 16 16zm0 160h416c8.837 0 16-7.163 16-16v-40c0-8.837-7.163-16-16-16H16c-8.837 0-16 7.163-16 16v40c0 8.837 7.163 16 16 16zm0 160h416c8.837 0 16-7.163 16-16v-40c0-8.837-7.163-16-16-16H16c-8.837 0-16 7.163-16 16v40c0 8.837 7.163 16 16 16z\"><\/path><\/svg>                <\/button>\n            <\/div>\n            \t\t\t\t<\/div>\n\t\t\t\t<\/div>\n\t\t\t\t<\/div>\n\t\t\t\t\t<\/div>\n\t\t\t\t<\/div>\n\t\t\t\t<\/div>","protected":false},"excerpt":{"rendered":"<p>SESP POC Work towards the development Electronic Patient Tracking System (EPTS\/SESP) at the point of care was performed under the guidance of the Mozambique Defence Armed Forces (FADM) and funded by the U.S. Government through the international NGO Jhpiego. The program was implemented between August 2024 and January 2025. Health Information Systems C-Sa\u00fade supports the development of Health Information Systems used in the implementation of the PEPFAR program in Mozambique. &nbsp; Learn more HIV Care and Treatment C-Sa\u00fade supports the implementation of a set of activities in health units and communities aimed at controlling the HIV epidemic. &nbsp; Learn more Tuberculosis C-Sa\u00fade\u2019s support portfolio is comprehensive and focused on several areas essential to the fight against TB. &nbsp; Learn more Cervical Cancer C-Sa\u00fade supports the provision of high-quality cervical cancer screening and treatment services. &nbsp; Learn more PROGRAMS Avante Sa\u00fade Completed Programs Avante SESP POC We Work Together Hamburger Toggle Menu<\/p>","protected":false},"author":2,"featured_media":0,"parent":0,"menu_order":0,"comment_status":"closed","ping_status":"closed","template":"","meta":{"site-sidebar-layout":"no-sidebar","site-content-layout":"","ast-site-content-layout":"full-width-container","site-content-style":"default","site-sidebar-style":"default","ast-global-header-display":"","ast-banner-title-visibility":"","ast-main-header-display":"","ast-hfb-above-header-display":"","ast-hfb-below-header-display":"","ast-hfb-mobile-header-display":"","site-post-title":"disabled","ast-breadcrumbs-content":"","ast-featured-img":"disabled","footer-sml-layout":"","theme-transparent-header-meta":"","adv-header-id-meta":"","stick-header-meta":"","header-above-stick-meta":"","header-main-stick-meta":"","header-below-stick-meta":"","astra-migrate-meta-layouts":"default","ast-page-background-enabled":"default","ast-page-background-meta":{"desktop":{"background-color":"var(--ast-global-color-4)","background-image":"","background-repeat":"repeat","background-position":"center center","background-size":"auto","background-attachment":"scroll","background-type":"","background-media":"","overlay-type":"","overlay-color":"","overlay-opacity":"","overlay-gradient":""},"tablet":{"background-color":"","background-image":"","background-repeat":"repeat","background-position":"center center","background-size":"auto","background-attachment":"scroll","background-type":"","background-media":"","overlay-type":"","overlay-color":"","overlay-opacity":"","overlay-gradient":""},"mobile":{"background-color":"","background-image":"","background-repeat":"repeat","background-position":"center center","background-size":"auto","background-attachment":"scroll","background-type":"","background-media":"","overlay-type":"","overlay-color":"","overlay-opacity":"","overlay-gradient":""}},"ast-content-background-meta":{"desktop":{"background-color":"var(--ast-global-color-5)","background-image":"","background-repeat":"repeat","background-position":"center center","background-size":"auto","background-attachment":"scroll","background-type":"","background-media":"","overlay-type":"","overlay-color":"","overlay-opacity":"","overlay-gradient":""},"tablet":{"background-color":"var(--ast-global-color-5)","background-image":"","background-repeat":"repeat","background-position":"center center","background-size":"auto","background-attachment":"scroll","background-type":"","background-media":"","overlay-type":"","overlay-color":"","overlay-opacity":"","overlay-gradient":""},"mobile":{"background-color":"var(--ast-global-color-5)","background-image":"","background-repeat":"repeat","background-position":"center center","background-size":"auto","background-attachment":"scroll","background-type":"","background-media":"","overlay-type":"","overlay-color":"","overlay-opacity":"","overlay-gradient":""}},"footnotes":""},"class_list":["post-3500","page","type-page","status-publish","hentry"],"yoast_head":"<!-- This site is optimized with the Yoast SEO plugin v25.5 - https:\/\/yoast.com\/wordpress\/plugins\/seo\/ -->\n<title>SESP POC - C-Sa\u00fade<\/title>\n<meta name=\"robots\" content=\"index, follow, max-snippet:-1, max-image-preview:large, max-video-preview:-1\" \/>\n<link rel=\"canonical\" href=\"https:\/\/csaude.org.mz\/pt\/sesp-poc\/\" \/>\n<meta property=\"og:locale\" content=\"pt_PT\" \/>\n<meta property=\"og:type\" content=\"article\" \/>\n<meta property=\"og:title\" content=\"SESP POC - C-Sa\u00fade\" \/>\n<meta property=\"og:description\" content=\"SESP POC Work towards the development Electronic Patient Tracking System (EPTS\/SESP) at the point of care was performed under the guidance of the Mozambique Defence Armed Forces (FADM) and funded by the U.S. Government through the international NGO Jhpiego. The program was implemented between August 2024 and January 2025. Health Information Systems C-Sa\u00fade supports the development of Health Information Systems used in the implementation of the PEPFAR program in Mozambique. &nbsp; Learn more HIV Care and Treatment C-Sa\u00fade supports the implementation of a set of activities in health units and communities aimed at controlling the HIV epidemic. &nbsp; Learn more Tuberculosis C-Sa\u00fade\u2019s support portfolio is comprehensive and focused on several areas essential to the fight against TB. &nbsp; Learn more Cervical Cancer C-Sa\u00fade supports the provision of high-quality cervical cancer screening and treatment services. &nbsp; Learn more PROGRAMS Avante Sa\u00fade Completed Programs Avante SESP POC We Work Together Hamburger Toggle Menu\" \/>\n<meta property=\"og:url\" content=\"https:\/\/csaude.org.mz\/pt\/sesp-poc\/\" \/>\n<meta property=\"og:site_name\" content=\"C-Sa\u00fade\" \/>\n<meta property=\"article:modified_time\" content=\"2026-04-02T14:11:41+00:00\" \/>\n<meta name=\"twitter:card\" content=\"summary_large_image\" \/>\n<meta name=\"twitter:label1\" content=\"Tempo estimado de leitura\" \/>\n\t<meta name=\"twitter:data1\" content=\"1 minuto\" \/>\n<script type=\"application\/ld+json\" class=\"yoast-schema-graph\">{\"@context\":\"https:\/\/schema.org\",\"@graph\":[{\"@type\":\"WebPage\",\"@id\":\"https:\/\/csaude.org.mz\/sesp-poc\/\",\"url\":\"https:\/\/csaude.org.mz\/sesp-poc\/\",\"name\":\"SESP POC - C-Sa\u00fade\",\"isPartOf\":{\"@id\":\"https:\/\/csaude.org.mz\/#website\"},\"datePublished\":\"2024-10-24T19:07:55+00:00\",\"dateModified\":\"2026-04-02T14:11:41+00:00\",\"breadcrumb\":{\"@id\":\"https:\/\/csaude.org.mz\/sesp-poc\/#breadcrumb\"},\"inLanguage\":\"pt-PT\",\"potentialAction\":[{\"@type\":\"ReadAction\",\"target\":[\"https:\/\/csaude.org.mz\/sesp-poc\/\"]}]},{\"@type\":\"BreadcrumbList\",\"@id\":\"https:\/\/csaude.org.mz\/sesp-poc\/#breadcrumb\",\"itemListElement\":[{\"@type\":\"ListItem\",\"position\":1,\"name\":\"Home\",\"item\":\"https:\/\/csaude.org.mz\/\"},{\"@type\":\"ListItem\",\"position\":2,\"name\":\"SESP POC\"}]},{\"@type\":\"WebSite\",\"@id\":\"https:\/\/csaude.org.mz\/#website\",\"url\":\"https:\/\/csaude.org.mz\/\",\"name\":\"C-Sa\u00fade\",\"description\":\"Centro pela Sa\u00fade Global\",\"publisher\":{\"@id\":\"https:\/\/csaude.org.mz\/#organization\"},\"potentialAction\":[{\"@type\":\"SearchAction\",\"target\":{\"@type\":\"EntryPoint\",\"urlTemplate\":\"https:\/\/csaude.org.mz\/?s={search_term_string}\"},\"query-input\":{\"@type\":\"PropertyValueSpecification\",\"valueRequired\":true,\"valueName\":\"search_term_string\"}}],\"inLanguage\":\"pt-PT\"},{\"@type\":\"Organization\",\"@id\":\"https:\/\/csaude.org.mz\/#organization\",\"name\":\"C-Sa\u00fade\",\"url\":\"https:\/\/csaude.org.mz\/\",\"logo\":{\"@type\":\"ImageObject\",\"inLanguage\":\"pt-PT\",\"@id\":\"https:\/\/csaude.org.mz\/#\/schema\/logo\/image\/\",\"url\":\"https:\/\/csaude.org.mz\/wp-content\/uploads\/2024\/05\/c-saude_final-01.jpg\",\"contentUrl\":\"https:\/\/csaude.org.mz\/wp-content\/uploads\/2024\/05\/c-saude_final-01.jpg\",\"width\":857,\"height\":339,\"caption\":\"C-Sa\u00fade\"},\"image\":{\"@id\":\"https:\/\/csaude.org.mz\/#\/schema\/logo\/image\/\"},\"sameAs\":[\"https:\/\/www.linkedin.com\/company\/centro-pela-sade-global-c-sade\"]}]}<\/script>\n<!-- \/ Yoast SEO plugin. -->","yoast_head_json":{"title":"SESP POC - C-Sa\u00fade","robots":{"index":"index","follow":"follow","max-snippet":"max-snippet:-1","max-image-preview":"max-image-preview:large","max-video-preview":"max-video-preview:-1"},"canonical":"https:\/\/csaude.org.mz\/pt\/sesp-poc\/","og_locale":"pt_PT","og_type":"article","og_title":"SESP POC - C-Sa\u00fade","og_description":"SESP POC Work towards the development Electronic Patient Tracking System (EPTS\/SESP) at the point of care was performed under the guidance of the Mozambique Defence Armed Forces (FADM) and funded by the U.S. Government through the international NGO Jhpiego. The program was implemented between August 2024 and January 2025. Health Information Systems C-Sa\u00fade supports the development of Health Information Systems used in the implementation of the PEPFAR program in Mozambique. &nbsp; Learn more HIV Care and Treatment C-Sa\u00fade supports the implementation of a set of activities in health units and communities aimed at controlling the HIV epidemic. &nbsp; Learn more Tuberculosis C-Sa\u00fade\u2019s support portfolio is comprehensive and focused on several areas essential to the fight against TB. &nbsp; Learn more Cervical Cancer C-Sa\u00fade supports the provision of high-quality cervical cancer screening and treatment services. &nbsp; Learn more PROGRAMS Avante Sa\u00fade Completed Programs Avante SESP POC We Work Together Hamburger Toggle Menu","og_url":"https:\/\/csaude.org.mz\/pt\/sesp-poc\/","og_site_name":"C-Sa\u00fade","article_modified_time":"2026-04-02T14:11:41+00:00","twitter_card":"summary_large_image","twitter_misc":{"Tempo estimado de leitura":"1 minuto"},"schema":{"@context":"https:\/\/schema.org","@graph":[{"@type":"WebPage","@id":"https:\/\/csaude.org.mz\/sesp-poc\/","url":"https:\/\/csaude.org.mz\/sesp-poc\/","name":"SESP POC - C-Sa\u00fade","isPartOf":{"@id":"https:\/\/csaude.org.mz\/#website"},"datePublished":"2024-10-24T19:07:55+00:00","dateModified":"2026-04-02T14:11:41+00:00","breadcrumb":{"@id":"https:\/\/csaude.org.mz\/sesp-poc\/#breadcrumb"},"inLanguage":"pt-PT","potentialAction":[{"@type":"ReadAction","target":["https:\/\/csaude.org.mz\/sesp-poc\/"]}]},{"@type":"BreadcrumbList","@id":"https:\/\/csaude.org.mz\/sesp-poc\/#breadcrumb","itemListElement":[{"@type":"ListItem","position":1,"name":"Home","item":"https:\/\/csaude.org.mz\/"},{"@type":"ListItem","position":2,"name":"SESP POC"}]},{"@type":"WebSite","@id":"https:\/\/csaude.org.mz\/#website","url":"https:\/\/csaude.org.mz\/","name":"C-Sa\u00fade","description":"Centro pela Sa\u00fade Global","publisher":{"@id":"https:\/\/csaude.org.mz\/#organization"},"potentialAction":[{"@type":"SearchAction","target":{"@type":"EntryPoint","urlTemplate":"https:\/\/csaude.org.mz\/?s={search_term_string}"},"query-input":{"@type":"PropertyValueSpecification","valueRequired":true,"valueName":"search_term_string"}}],"inLanguage":"pt-PT"},{"@type":"Organization","@id":"https:\/\/csaude.org.mz\/#organization","name":"C-Sa\u00fade","url":"https:\/\/csaude.org.mz\/","logo":{"@type":"ImageObject","inLanguage":"pt-PT","@id":"https:\/\/csaude.org.mz\/#\/schema\/logo\/image\/","url":"https:\/\/csaude.org.mz\/wp-content\/uploads\/2024\/05\/c-saude_final-01.jpg","contentUrl":"https:\/\/csaude.org.mz\/wp-content\/uploads\/2024\/05\/c-saude_final-01.jpg","width":857,"height":339,"caption":"C-Sa\u00fade"},"image":{"@id":"https:\/\/csaude.org.mz\/#\/schema\/logo\/image\/"},"sameAs":["https:\/\/www.linkedin.com\/company\/centro-pela-sade-global-c-sade"]}]}},"_links":{"self":[{"href":"https:\/\/csaude.org.mz\/pt\/wp-json\/wp\/v2\/pages\/3500","targetHints":{"allow":["GET"]}}],"collection":[{"href":"https:\/\/csaude.org.mz\/pt\/wp-json\/wp\/v2\/pages"}],"about":[{"href":"https:\/\/csaude.org.mz\/pt\/wp-json\/wp\/v2\/types\/page"}],"author":[{"embeddable":true,"href":"https:\/\/csaude.org.mz\/pt\/wp-json\/wp\/v2\/users\/2"}],"replies":[{"embeddable":true,"href":"https:\/\/csaude.org.mz\/pt\/wp-json\/wp\/v2\/comments?post=3500"}],"version-history":[{"count":0,"href":"https:\/\/csaude.org.mz\/pt\/wp-json\/wp\/v2\/pages\/3500\/revisions"}],"wp:attachment":[{"href":"https:\/\/csaude.org.mz\/pt\/wp-json\/wp\/v2\/media?parent=3500"}],"curies":[{"name":"wp","href":"https:\/\/api.w.org\/{rel}","templated":true}]}}