{"id":5181,"date":"2026-02-12T08:23:35","date_gmt":"2026-02-12T08:23:35","guid":{"rendered":"https:\/\/csaude.org.mz\/?page_id=5181"},"modified":"2026-02-16T14:43:16","modified_gmt":"2026-02-16T14:43:16","slug":"conflict-of-interest","status":"publish","type":"page","link":"https:\/\/csaude.org.mz\/pt\/conflict-of-interest\/","title":{"rendered":"Conflito de Interesses"},"content":{"rendered":"<div data-elementor-type=\"wp-page\" data-elementor-id=\"5181\" class=\"elementor elementor-5181\">\n\t\t\t\t<div class=\"elementor-element elementor-element-30682c5 e-flex e-con-boxed wpr-particle-no wpr-jarallax-no wpr-parallax-no wpr-sticky-section-no e-con e-parent\" data-id=\"30682c5\" data-element_type=\"container\" data-settings=\"{&quot;background_background&quot;:&quot;classic&quot;}\">\n\t\t\t\t\t<div class=\"e-con-inner\">\n\t\t\t\t<div class=\"elementor-element elementor-element-ff7e77f elementor-widget-tablet__width-initial elementor-widget elementor-widget-heading\" data-id=\"ff7e77f\" data-element_type=\"widget\" data-widget_type=\"heading.default\">\n\t\t\t\t<div class=\"elementor-widget-container\">\n\t\t\t\t\t<h2 class=\"elementor-heading-title elementor-size-default\">Conflito de Interesses<\/h2>\t\t\t\t<\/div>\n\t\t\t\t<\/div>\n\t\t\t\t\t<\/div>\n\t\t\t\t<\/div>\n\t\t<div class=\"elementor-element elementor-element-563b156 e-flex e-con-boxed wpr-particle-no wpr-jarallax-no wpr-parallax-no wpr-sticky-section-no e-con e-parent\" data-id=\"563b156\" data-element_type=\"container\">\n\t\t\t\t\t<div class=\"e-con-inner\">\n\t\t\t\t<div class=\"elementor-element elementor-element-66c6853 elementor-widget elementor-widget-text-editor\" data-id=\"66c6853\" data-element_type=\"widget\" data-widget_type=\"text-editor.default\">\n\t\t\t\t<div class=\"elementor-widget-container\">\n\t\t\t\t\t\t\t\t\t<p><span style=\"font-family: verdana, sans-serif; font-size: small;\">A Pol\u00edtica de Conflito de Interesses e de Compromisso da C-Sa\u00fade reafirma o compromisso institucional com elevados padr\u00f5es de integridade, transpar\u00eancia e accountability, assegurando mecanismos claros de preven\u00e7\u00e3o, declara\u00e7\u00e3o e gest\u00e3o de potenciais conflitos, em conformidade com a legisla\u00e7\u00e3o aplic\u00e1vel e as melhores pr\u00e1ticas internacionais de governan\u00e7a.<\/span><\/p>\t\t\t\t\t\t\t\t<\/div>\n\t\t\t\t<\/div>\n\t\t<div class=\"elementor-element elementor-element-57d9148 e-con-full e-flex wpr-particle-no wpr-jarallax-no wpr-parallax-no wpr-sticky-section-no e-con e-child\" data-id=\"57d9148\" data-element_type=\"container\">\n\t\t\t\t<div class=\"elementor-element elementor-element-9f66bb8 elementor-widget__width-initial elementor-widget-mobile__width-initial elementor-widget elementor-widget-image\" data-id=\"9f66bb8\" data-element_type=\"widget\" data-widget_type=\"image.default\">\n\t\t\t\t<div class=\"elementor-widget-container\">\n\t\t\t\t\t\t\t\t\t\t\t\t<figure class=\"wp-caption\">\n\t\t\t\t\t\t\t\t\t\t\t<a href=\"http:\/\/csaude.org.mz\/wp-content\/uploads\/2026\/02\/Pol_CdI_2.1_1_2026-ENG.pdf\" target=\"_blank\" rel=\"nofollow\">\n\t\t\t\t\t\t\t<img decoding=\"async\" width=\"150\" height=\"150\" src=\"https:\/\/csaude.org.mz\/wp-content\/uploads\/2024\/10\/\u2014Pngtree\u2014pdf-file-icon-png_7965915-150x150.png\" class=\"elementor-animation-grow attachment-thumbnail size-thumbnail wp-image-3808\" alt=\"\" srcset=\"https:\/\/csaude.org.mz\/wp-content\/uploads\/2024\/10\/\u2014Pngtree\u2014pdf-file-icon-png_7965915-150x150.png 150w, https:\/\/csaude.org.mz\/wp-content\/uploads\/2024\/10\/\u2014Pngtree\u2014pdf-file-icon-png_7965915-300x300.png 300w, https:\/\/csaude.org.mz\/wp-content\/uploads\/2024\/10\/\u2014Pngtree\u2014pdf-file-icon-png_7965915-1024x1024.png 1024w, https:\/\/csaude.org.mz\/wp-content\/uploads\/2024\/10\/\u2014Pngtree\u2014pdf-file-icon-png_7965915-768x768.png 768w, https:\/\/csaude.org.mz\/wp-content\/uploads\/2024\/10\/\u2014Pngtree\u2014pdf-file-icon-png_7965915-1536x1536.png 1536w, https:\/\/csaude.org.mz\/wp-content\/uploads\/2024\/10\/\u2014Pngtree\u2014pdf-file-icon-png_7965915-2048x2048.png 2048w, https:\/\/csaude.org.mz\/wp-content\/uploads\/2024\/10\/\u2014Pngtree\u2014pdf-file-icon-png_7965915-12x12.png 12w\" sizes=\"(max-width: 150px) 100vw, 150px\" \/>\t\t\t\t\t\t\t\t<\/a>\n\t\t\t\t\t\t\t\t\t\t\t<figcaption class=\"widget-image-caption wp-caption-text\">CONFLICT OF INTEREST AND CONFLICT OF COMMITMENT POLICY (EN)<\/figcaption>\n\t\t\t\t\t\t\t\t\t\t<\/figure>\n\t\t\t\t\t\t\t\t\t<\/div>\n\t\t\t\t<\/div>\n\t\t\t\t<div class=\"elementor-element elementor-element-8290513 elementor-widget__width-initial elementor-widget-mobile__width-initial elementor-widget elementor-widget-image\" data-id=\"8290513\" data-element_type=\"widget\" data-widget_type=\"image.default\">\n\t\t\t\t<div class=\"elementor-widget-container\">\n\t\t\t\t\t\t\t\t\t\t\t\t<figure class=\"wp-caption\">\n\t\t\t\t\t\t\t\t\t\t\t<a href=\"http:\/\/csaude.org.mz\/wp-content\/uploads\/2026\/02\/Pol_CdI_2.1_1_2026-PT.pdf\" target=\"_blank\" rel=\"nofollow\">\n\t\t\t\t\t\t\t<img decoding=\"async\" width=\"150\" height=\"150\" src=\"https:\/\/csaude.org.mz\/wp-content\/uploads\/2024\/10\/\u2014Pngtree\u2014pdf-file-icon-png_7965915-150x150.png\" class=\"elementor-animation-grow attachment-thumbnail size-thumbnail wp-image-3808\" alt=\"\" srcset=\"https:\/\/csaude.org.mz\/wp-content\/uploads\/2024\/10\/\u2014Pngtree\u2014pdf-file-icon-png_7965915-150x150.png 150w, https:\/\/csaude.org.mz\/wp-content\/uploads\/2024\/10\/\u2014Pngtree\u2014pdf-file-icon-png_7965915-300x300.png 300w, https:\/\/csaude.org.mz\/wp-content\/uploads\/2024\/10\/\u2014Pngtree\u2014pdf-file-icon-png_7965915-1024x1024.png 1024w, https:\/\/csaude.org.mz\/wp-content\/uploads\/2024\/10\/\u2014Pngtree\u2014pdf-file-icon-png_7965915-768x768.png 768w, https:\/\/csaude.org.mz\/wp-content\/uploads\/2024\/10\/\u2014Pngtree\u2014pdf-file-icon-png_7965915-1536x1536.png 1536w, https:\/\/csaude.org.mz\/wp-content\/uploads\/2024\/10\/\u2014Pngtree\u2014pdf-file-icon-png_7965915-2048x2048.png 2048w, https:\/\/csaude.org.mz\/wp-content\/uploads\/2024\/10\/\u2014Pngtree\u2014pdf-file-icon-png_7965915-12x12.png 12w\" sizes=\"(max-width: 150px) 100vw, 150px\" \/>\t\t\t\t\t\t\t\t<\/a>\n\t\t\t\t\t\t\t\t\t\t\t<figcaption class=\"widget-image-caption wp-caption-text\">POL\u00cdTICA DE CONFLITO DE INTERESSES E CONFLITO DE COMPROMISSO (PT)<\/figcaption>\n\t\t\t\t\t\t\t\t\t\t<\/figure>\n\t\t\t\t\t\t\t\t\t<\/div>\n\t\t\t\t<\/div>\n\t\t\t\t<\/div>\n\t\t\t\t\t<\/div>\n\t\t\t\t<\/div>\n\t\t\t\t<\/div>","protected":false},"excerpt":{"rendered":"<p>Conflict of Interest C-Sa\u00fade\u2019s Conflict of Interest and Conflict of Commitment Policy reaffirms the organization\u2019s commitment to high standards of integrity, transparency, and accountability, ensuring clear mechanisms for the prevention, disclosure, and management of potential conflicts, in compliance with applicable legislation and international best practices in governance. CONFLICT OF INTEREST AND CONFLICT OF COMMITMENT POLICY (EN) POL\u00cdTICA DE CONFLITO DE INTERESSES E CONFLITO DE COMPROMISSO (PT)<\/p>","protected":false},"author":2,"featured_media":0,"parent":0,"menu_order":0,"comment_status":"closed","ping_status":"closed","template":"","meta":{"site-sidebar-layout":"no-sidebar","site-content-layout":"","ast-site-content-layout":"full-width-container","site-content-style":"default","site-sidebar-style":"default","ast-global-header-display":"","ast-banner-title-visibility":"","ast-main-header-display":"","ast-hfb-above-header-display":"","ast-hfb-below-header-display":"","ast-hfb-mobile-header-display":"","site-post-title":"disabled","ast-breadcrumbs-content":"","ast-featured-img":"disabled","footer-sml-layout":"","theme-transparent-header-meta":"","adv-header-id-meta":"","stick-header-meta":"","header-above-stick-meta":"","header-main-stick-meta":"","header-below-stick-meta":"","astra-migrate-meta-layouts":"default","ast-page-background-enabled":"default","ast-page-background-meta":{"desktop":{"background-color":"var(--ast-global-color-4)","background-image":"","background-repeat":"repeat","background-position":"center center","background-size":"auto","background-attachment":"scroll","background-type":"","background-media":"","overlay-type":"","overlay-color":"","overlay-opacity":"","overlay-gradient":""},"tablet":{"background-color":"","background-image":"","background-repeat":"repeat","background-position":"center center","background-size":"auto","background-attachment":"scroll","background-type":"","background-media":"","overlay-type":"","overlay-color":"","overlay-opacity":"","overlay-gradient":""},"mobile":{"background-color":"","background-image":"","background-repeat":"repeat","background-position":"center center","background-size":"auto","background-attachment":"scroll","background-type":"","background-media":"","overlay-type":"","overlay-color":"","overlay-opacity":"","overlay-gradient":""}},"ast-content-background-meta":{"desktop":{"background-color":"var(--ast-global-color-5)","background-image":"","background-repeat":"repeat","background-position":"center center","background-size":"auto","background-attachment":"scroll","background-type":"","background-media":"","overlay-type":"","overlay-color":"","overlay-opacity":"","overlay-gradient":""},"tablet":{"background-color":"var(--ast-global-color-5)","background-image":"","background-repeat":"repeat","background-position":"center center","background-size":"auto","background-attachment":"scroll","background-type":"","background-media":"","overlay-type":"","overlay-color":"","overlay-opacity":"","overlay-gradient":""},"mobile":{"background-color":"var(--ast-global-color-5)","background-image":"","background-repeat":"repeat","background-position":"center center","background-size":"auto","background-attachment":"scroll","background-type":"","background-media":"","overlay-type":"","overlay-color":"","overlay-opacity":"","overlay-gradient":""}},"footnotes":""},"class_list":["post-5181","page","type-page","status-publish","hentry"],"yoast_head":"<!-- This site is optimized with the Yoast SEO plugin v25.5 - https:\/\/yoast.com\/wordpress\/plugins\/seo\/ -->\n<title>Conflict of Interest - C-Sa\u00fade<\/title>\n<meta name=\"robots\" content=\"index, follow, max-snippet:-1, max-image-preview:large, max-video-preview:-1\" \/>\n<link rel=\"canonical\" href=\"https:\/\/csaude.org.mz\/pt\/conflict-of-interest\/\" \/>\n<meta property=\"og:locale\" content=\"pt_PT\" \/>\n<meta property=\"og:type\" content=\"article\" \/>\n<meta property=\"og:title\" content=\"Conflict of Interest - C-Sa\u00fade\" \/>\n<meta property=\"og:description\" content=\"Conflict of Interest C-Sa\u00fade\u2019s Conflict of Interest and Conflict of Commitment Policy reaffirms the organization\u2019s commitment to high standards of integrity, transparency, and accountability, ensuring clear mechanisms for the prevention, disclosure, and management of potential conflicts, in compliance with applicable legislation and international best practices in governance. CONFLICT OF INTEREST AND CONFLICT OF COMMITMENT POLICY (EN) POL\u00cdTICA DE CONFLITO DE INTERESSES E CONFLITO DE COMPROMISSO (PT)\" \/>\n<meta property=\"og:url\" content=\"https:\/\/csaude.org.mz\/pt\/conflict-of-interest\/\" \/>\n<meta property=\"og:site_name\" content=\"C-Sa\u00fade\" \/>\n<meta property=\"article:modified_time\" content=\"2026-02-16T14:43:16+00:00\" \/>\n<meta name=\"twitter:card\" content=\"summary_large_image\" \/>\n<meta name=\"twitter:label1\" content=\"Tempo estimado de leitura\" \/>\n\t<meta name=\"twitter:data1\" content=\"1 minuto\" \/>\n<script type=\"application\/ld+json\" class=\"yoast-schema-graph\">{\"@context\":\"https:\/\/schema.org\",\"@graph\":[{\"@type\":\"WebPage\",\"@id\":\"https:\/\/csaude.org.mz\/pt\/conflict-of-interest\/\",\"url\":\"https:\/\/csaude.org.mz\/pt\/conflict-of-interest\/\",\"name\":\"Conflict of Interest - C-Sa\u00fade\",\"isPartOf\":{\"@id\":\"https:\/\/csaude.org.mz\/#website\"},\"datePublished\":\"2026-02-12T08:23:35+00:00\",\"dateModified\":\"2026-02-16T14:43:16+00:00\",\"breadcrumb\":{\"@id\":\"https:\/\/csaude.org.mz\/pt\/conflict-of-interest\/#breadcrumb\"},\"inLanguage\":\"pt-PT\",\"potentialAction\":[{\"@type\":\"ReadAction\",\"target\":[\"https:\/\/csaude.org.mz\/pt\/conflict-of-interest\/\"]}]},{\"@type\":\"BreadcrumbList\",\"@id\":\"https:\/\/csaude.org.mz\/pt\/conflict-of-interest\/#breadcrumb\",\"itemListElement\":[{\"@type\":\"ListItem\",\"position\":1,\"name\":\"Home\",\"item\":\"https:\/\/csaude.org.mz\/\"},{\"@type\":\"ListItem\",\"position\":2,\"name\":\"Conflict of Interest\"}]},{\"@type\":\"WebSite\",\"@id\":\"https:\/\/csaude.org.mz\/#website\",\"url\":\"https:\/\/csaude.org.mz\/\",\"name\":\"C-Sa\u00fade\",\"description\":\"Centro pela Sa\u00fade Global\",\"publisher\":{\"@id\":\"https:\/\/csaude.org.mz\/#organization\"},\"potentialAction\":[{\"@type\":\"SearchAction\",\"target\":{\"@type\":\"EntryPoint\",\"urlTemplate\":\"https:\/\/csaude.org.mz\/?s={search_term_string}\"},\"query-input\":{\"@type\":\"PropertyValueSpecification\",\"valueRequired\":true,\"valueName\":\"search_term_string\"}}],\"inLanguage\":\"pt-PT\"},{\"@type\":\"Organization\",\"@id\":\"https:\/\/csaude.org.mz\/#organization\",\"name\":\"C-Sa\u00fade\",\"url\":\"https:\/\/csaude.org.mz\/\",\"logo\":{\"@type\":\"ImageObject\",\"inLanguage\":\"pt-PT\",\"@id\":\"https:\/\/csaude.org.mz\/#\/schema\/logo\/image\/\",\"url\":\"https:\/\/csaude.org.mz\/wp-content\/uploads\/2024\/05\/c-saude_final-01.jpg\",\"contentUrl\":\"https:\/\/csaude.org.mz\/wp-content\/uploads\/2024\/05\/c-saude_final-01.jpg\",\"width\":857,\"height\":339,\"caption\":\"C-Sa\u00fade\"},\"image\":{\"@id\":\"https:\/\/csaude.org.mz\/#\/schema\/logo\/image\/\"},\"sameAs\":[\"https:\/\/www.linkedin.com\/company\/centro-pela-sade-global-c-sade\"]}]}<\/script>\n<!-- \/ Yoast SEO plugin. -->","yoast_head_json":{"title":"Conflict of Interest - C-Sa\u00fade","robots":{"index":"index","follow":"follow","max-snippet":"max-snippet:-1","max-image-preview":"max-image-preview:large","max-video-preview":"max-video-preview:-1"},"canonical":"https:\/\/csaude.org.mz\/pt\/conflict-of-interest\/","og_locale":"pt_PT","og_type":"article","og_title":"Conflict of Interest - C-Sa\u00fade","og_description":"Conflict of Interest C-Sa\u00fade\u2019s Conflict of Interest and Conflict of Commitment Policy reaffirms the organization\u2019s commitment to high standards of integrity, transparency, and accountability, ensuring clear mechanisms for the prevention, disclosure, and management of potential conflicts, in compliance with applicable legislation and international best practices in governance. CONFLICT OF INTEREST AND CONFLICT OF COMMITMENT POLICY (EN) POL\u00cdTICA DE CONFLITO DE INTERESSES E CONFLITO DE COMPROMISSO (PT)","og_url":"https:\/\/csaude.org.mz\/pt\/conflict-of-interest\/","og_site_name":"C-Sa\u00fade","article_modified_time":"2026-02-16T14:43:16+00:00","twitter_card":"summary_large_image","twitter_misc":{"Tempo estimado de leitura":"1 minuto"},"schema":{"@context":"https:\/\/schema.org","@graph":[{"@type":"WebPage","@id":"https:\/\/csaude.org.mz\/pt\/conflict-of-interest\/","url":"https:\/\/csaude.org.mz\/pt\/conflict-of-interest\/","name":"Conflict of Interest - C-Sa\u00fade","isPartOf":{"@id":"https:\/\/csaude.org.mz\/#website"},"datePublished":"2026-02-12T08:23:35+00:00","dateModified":"2026-02-16T14:43:16+00:00","breadcrumb":{"@id":"https:\/\/csaude.org.mz\/pt\/conflict-of-interest\/#breadcrumb"},"inLanguage":"pt-PT","potentialAction":[{"@type":"ReadAction","target":["https:\/\/csaude.org.mz\/pt\/conflict-of-interest\/"]}]},{"@type":"BreadcrumbList","@id":"https:\/\/csaude.org.mz\/pt\/conflict-of-interest\/#breadcrumb","itemListElement":[{"@type":"ListItem","position":1,"name":"Home","item":"https:\/\/csaude.org.mz\/"},{"@type":"ListItem","position":2,"name":"Conflict of Interest"}]},{"@type":"WebSite","@id":"https:\/\/csaude.org.mz\/#website","url":"https:\/\/csaude.org.mz\/","name":"C-Sa\u00fade","description":"Centro pela Sa\u00fade Global","publisher":{"@id":"https:\/\/csaude.org.mz\/#organization"},"potentialAction":[{"@type":"SearchAction","target":{"@type":"EntryPoint","urlTemplate":"https:\/\/csaude.org.mz\/?s={search_term_string}"},"query-input":{"@type":"PropertyValueSpecification","valueRequired":true,"valueName":"search_term_string"}}],"inLanguage":"pt-PT"},{"@type":"Organization","@id":"https:\/\/csaude.org.mz\/#organization","name":"C-Sa\u00fade","url":"https:\/\/csaude.org.mz\/","logo":{"@type":"ImageObject","inLanguage":"pt-PT","@id":"https:\/\/csaude.org.mz\/#\/schema\/logo\/image\/","url":"https:\/\/csaude.org.mz\/wp-content\/uploads\/2024\/05\/c-saude_final-01.jpg","contentUrl":"https:\/\/csaude.org.mz\/wp-content\/uploads\/2024\/05\/c-saude_final-01.jpg","width":857,"height":339,"caption":"C-Sa\u00fade"},"image":{"@id":"https:\/\/csaude.org.mz\/#\/schema\/logo\/image\/"},"sameAs":["https:\/\/www.linkedin.com\/company\/centro-pela-sade-global-c-sade"]}]}},"_links":{"self":[{"href":"https:\/\/csaude.org.mz\/pt\/wp-json\/wp\/v2\/pages\/5181","targetHints":{"allow":["GET"]}}],"collection":[{"href":"https:\/\/csaude.org.mz\/pt\/wp-json\/wp\/v2\/pages"}],"about":[{"href":"https:\/\/csaude.org.mz\/pt\/wp-json\/wp\/v2\/types\/page"}],"author":[{"embeddable":true,"href":"https:\/\/csaude.org.mz\/pt\/wp-json\/wp\/v2\/users\/2"}],"replies":[{"embeddable":true,"href":"https:\/\/csaude.org.mz\/pt\/wp-json\/wp\/v2\/comments?post=5181"}],"version-history":[{"count":0,"href":"https:\/\/csaude.org.mz\/pt\/wp-json\/wp\/v2\/pages\/5181\/revisions"}],"wp:attachment":[{"href":"https:\/\/csaude.org.mz\/pt\/wp-json\/wp\/v2\/media?parent=5181"}],"curies":[{"name":"wp","href":"https:\/\/api.w.org\/{rel}","templated":true}]}}